{"id":1998,"date":"2021-06-23T18:31:40","date_gmt":"2021-06-23T18:31:40","guid":{"rendered":"https:\/\/iavitech.com\/?page_id=1998"},"modified":"2021-11-20T02:10:20","modified_gmt":"2021-11-20T02:10:20","slug":"plataforma-de-sms-masivos","status":"publish","type":"page","link":"https:\/\/iavitech.com\/?page_id=1998","title":{"rendered":"PLATAFORMA DE SMS MASIVOS"},"content":{"rendered":"<p>[vc_row row_style=\u00bbfull-width\u00bb vertical_align=\u00bbmiddle\u00bb padding_size=\u00bbl-padding\u00bb][vc_column][vc_empty_space height=\u00bb50px\u00bb][vc_custom_heading text=\u00bbContamos con SMSCLICK que es una plataforma para env\u00edos de SMS m\u00e1sivos.<br \/>\nEl env\u00edo de SMS masivos es una herramienta indispensable en la estrategia de marketing y comunicaci\u00f3n de cualquier empresa o negocio.\u00bb font_container=\u00bbtag:h2|text_align:center\u00bb google_fonts=\u00bbfont_family:ABeeZee%3Aregular%2Citalic|font_style:400%20regular%3A400%3Anormal\u00bb text_transform=\u00bbnone\u00bb css=\u00bb.vc_custom_1624512403971{padding-right: 15% !important;padding-left: 15% !important;}\u00bb][vc_empty_space height=\u00bb40px\u00bb][\/vc_column][\/vc_row][vc_row row_style=\u00bbfull-width\u00bb vertical_align=\u00bbmiddle\u00bb padding_size=\u00bbno-padding\u00bb][vc_column bg_image_url=\u00bbhttps:\/\/iavitech.com\/wp-content\/uploads\/2021\/06\/fondo_morado_gradiente-150&#215;150.jpg\u00bb background_style=\u00bbcover\u00bb background_image=\u00bb1675&#8243;][vc_row_inner vertical_align=\u00bbmiddle\u00bb][vc_column_inner padding_size=\u00bbno-padding\u00bb width=\u00bb1\/2&#8243;][vc_single_image image=\u00bb2013&#8243; animation=\u00bbslideInLeft\u00bb][\/vc_column_inner][vc_column_inner text_align=\u00bbcenter\u00bb width=\u00bb1\/2&#8243; css=\u00bb.vc_custom_1624552379232{margin-right: -15% !important;}\u00bb][vc_empty_space][vc_custom_heading text=\u00bbContamos con SMSCLICK\u00bb font_container=\u00bbtag:h6|font_size:40px|text_align:center|color:%23ffffff\u00bb google_fonts=\u00bbfont_family:Montserrat%3Aregular%2C700|font_style:700%20bold%20regular%3A700%3Anormal\u00bb css=\u00bb.vc_custom_1624512275136{margin-top: -10px !important;padding-right: 5% !important;padding-left: 5% !important;}\u00bb animation=\u00bbslideInRight\u00bb][vc_custom_heading text=\u00bbUna plataforma para env\u00edos de SMS masivos\u00bb font_container=\u00bbtag:p|font_size:24px|text_align:center|color:%23ffffff|line_height:36px\u00bb google_fonts=\u00bbfont_family:Lato%3A100%2C100italic%2C300%2C300italic%2Cregular%2Citalic%2C700%2C700italic%2C900%2C900italic|font_style:300%20light%20regular%3A300%3Anormal\u00bb css=\u00bb.vc_custom_1624512437026{padding-right: 5% !important;padding-left: 5% !important;}\u00bb animation=\u00bbslideInRight\u00bb][vc_empty_space][wyde_icon_block icon_set=\u00bblinecons\u00bb icon_linecons=\u00bblinecons-mail\u00bb size=\u00bblarge\u00bb style=\u00bbnone\u00bb color=\u00bb#5ececf\u00bb css=\u00bb.vc_custom_1624512289039{padding-left: 5% !important;}\u00bb animation=\u00bbslideInRight\u00bb][vc_empty_space height=\u00bb40px\u00bb][vc_custom_heading text=\u00bbEl env\u00edo de SMS masivos es una herramienta indispensable en la estrategia de marketing y comunicaci\u00f3n de cualquier empresa o negocio.\u00bb font_container=\u00bbtag:p|font_size:24px|text_align:center|color:%23ffffff|line_height:36px\u00bb google_fonts=\u00bbfont_family:Lato%3A100%2C100italic%2C300%2C300italic%2Cregular%2Citalic%2C700%2C700italic%2C900%2C900italic|font_style:300%20light%20regular%3A300%3Anormal\u00bb css=\u00bb.vc_custom_1624512443247{padding-right: 5% !important;padding-left: 5% !important;}\u00bb animation=\u00bbslideInRight\u00bb][\/vc_column_inner][\/vc_row_inner][vc_row_inner vertical_align=\u00bbmiddle\u00bb][vc_column_inner text_align=\u00bbcenter\u00bb width=\u00bb1\/2&#8243;][vc_empty_space][vc_custom_heading text=\u00bbPlataforma experta en env\u00edo de mensajes SMS en M\u00e9xico\u00bb font_container=\u00bbtag:h6|font_size:40px|text_align:center|color:%23ffffff\u00bb google_fonts=\u00bbfont_family:Montserrat%3Aregular%2C700|font_style:700%20bold%20regular%3A700%3Anormal\u00bb css=\u00bb.vc_custom_1624551212024{margin-top: -10px !important;padding-right: 5% !important;padding-left: 5% !important;}\u00bb animation=\u00bbslideInLeft\u00bb][vc_custom_heading text=\u00bbNuestros precios son los mejores del mercado\u00bb font_container=\u00bbtag:p|font_size:24px|text_align:center|color:%23ffffff|line_height:36px\u00bb google_fonts=\u00bbfont_family:Lato%3A100%2C100italic%2C300%2C300italic%2Cregular%2Citalic%2C700%2C700italic%2C900%2C900italic|font_style:300%20light%20regular%3A300%3Anormal\u00bb css=\u00bb.vc_custom_1624551220540{padding-right: 5% !important;padding-left: 5% !important;}\u00bb animation=\u00bbslideInLeft\u00bb][vc_empty_space][wyde_link_button title=\u00bbComenzar prueba\u00bb style=\u00bbround\u00bb size=\u00bblarge\u00bb color=\u00bb#5ececf\u00bb hover_color=\u00bb#ffffff\u00bb link=\u00bburl:https%3A%2F%2Fsmsclick.com.mx|target:_blank\u00bb][vc_empty_space height=\u00bb40px\u00bb][\/vc_column_inner][vc_column_inner padding_size=\u00bbno-padding\u00bb width=\u00bb1\/2&#8243;][vc_single_image image=\u00bb2012&#8243; alignment=\u00bbright\u00bb animation=\u00bbslideInRight\u00bb][\/vc_column_inner][\/vc_row_inner][\/vc_column][\/vc_row]<\/p>\n","protected":false},"excerpt":{"rendered":"<p>[vc_row row_style=\u00bbfull-width\u00bb vertical_align=\u00bbmiddle\u00bb padding_size=\u00bbl-padding\u00bb][vc_column][vc_empty_space height=\u00bb50px\u00bb][vc_custom_heading text=\u00bbContamos con SMSCLICK que es una plataforma para env\u00edos de SMS m\u00e1sivos. El env\u00edo de SMS masivos es una herramienta indispensable en la estrategia de marketing y comunicaci\u00f3n de cualquier empresa o negocio.\u00bb font_container=\u00bbtag:h2|text_align:center\u00bb google_fonts=\u00bbfont_family:ABeeZee%3Aregular%2Citalic|font_style:400%20regular%3A400%3Anormal\u00bb text_transform=\u00bbnone\u00bb css=\u00bb.vc_custom_1624512403971{padding-right: 15% !important;padding-left: 15% !important;}\u00bb][vc_empty_space height=\u00bb40px\u00bb][\/vc_column][\/vc_row][vc_row row_style=\u00bbfull-width\u00bb vertical_align=\u00bbmiddle\u00bb padding_size=\u00bbno-padding\u00bb][vc_column bg_image_url=\u00bbhttps:\/\/iavitech.com\/wp-content\/uploads\/2021\/06\/fondo_morado_gradiente-150&#215;150.jpg\u00bb background_style=\u00bbcover\u00bb background_image=\u00bb1675&#8243;][vc_row_inner vertical_align=\u00bbmiddle\u00bb][vc_column_inner padding_size=\u00bbno-padding\u00bb [&hellip;]<\/p>\n","protected":false},"author":1,"featured_media":0,"parent":0,"menu_order":0,"comment_status":"closed","ping_status":"closed","template":"","meta":{"_vp_format_video_url":"","_vp_image_focal_point":[]},"_links":{"self":[{"href":"https:\/\/iavitech.com\/index.php?rest_route=\/wp\/v2\/pages\/1998"}],"collection":[{"href":"https:\/\/iavitech.com\/index.php?rest_route=\/wp\/v2\/pages"}],"about":[{"href":"https:\/\/iavitech.com\/index.php?rest_route=\/wp\/v2\/types\/page"}],"author":[{"embeddable":true,"href":"https:\/\/iavitech.com\/index.php?rest_route=\/wp\/v2\/users\/1"}],"replies":[{"embeddable":true,"href":"https:\/\/iavitech.com\/index.php?rest_route=%2Fwp%2Fv2%2Fcomments&post=1998"}],"version-history":[{"count":54,"href":"https:\/\/iavitech.com\/index.php?rest_route=\/wp\/v2\/pages\/1998\/revisions"}],"predecessor-version":[{"id":2310,"href":"https:\/\/iavitech.com\/index.php?rest_route=\/wp\/v2\/pages\/1998\/revisions\/2310"}],"wp:attachment":[{"href":"https:\/\/iavitech.com\/index.php?rest_route=%2Fwp%2Fv2%2Fmedia&parent=1998"}],"curies":[{"name":"wp","href":"https:\/\/api.w.org\/{rel}","templated":true}]}}