{"id":1939,"date":"2021-06-23T05:42:31","date_gmt":"2021-06-23T05:42:31","guid":{"rendered":"https:\/\/iavitech.com\/?page_id=1939"},"modified":"2021-10-16T05:16:24","modified_gmt":"2021-10-16T05:16:24","slug":"storage-vps","status":"publish","type":"page","link":"https:\/\/iavitech.com\/?page_id=1939","title":{"rendered":"Storage VPS"},"content":{"rendered":"<p>[vc_row vertical_align=\u00bbmiddle\u00bb padding_size=\u00bbl-padding\u00bb][vc_column width=\u00bb1\/4&#8243;][vc_empty_space][vc_single_image image=\u00bb1812&#8243; alignment=\u00bbcenter\u00bb css=\u00bb.vc_custom_1624427126958{padding-right: 10% !important;padding-left: 10% !important;}\u00bb animation=\u00bbfadeIn\u00bb][\/vc_column][vc_column padding_size=\u00bbno-padding\u00bb width=\u00bb3\/4&#8243;][vc_empty_space][vc_custom_heading text=\u00bbVPS con gran almacenamiento en HDD\u00bb font_container=\u00bbtag:h2|font_size:50px|text_align:left|color:%23333333|line_height:1.2&#8243; google_fonts=\u00bbfont_family:Montserrat%3Aregular%2C700|font_style:700%20bold%20regular%3A700%3Anormal\u00bb text_transform=\u00bbnone\u00bb animation=\u00bbfadeInRight\u00bb css=\u00bb.vc_custom_1624427928803{padding-right: 5% !important;}\u00bb][vc_empty_space][vc_row_inner][vc_column_inner][vc_custom_heading text=\u00bbUn VPS con almacenamiento optimizado para alojar todos sus datos valiosos.<br \/>\nElige el plan ideal&#8230;\u00bb font_container=\u00bbtag:p|font_size:20px|text_align:left|color:%230a0a0a|line_height:30px\u00bb google_fonts=\u00bbfont_family:Noto%20Sans%3Aregular%2Citalic%2C700%2C700italic|font_style:400%20regular%3A400%3Anormal\u00bb text_transform=\u00bbnone\u00bb letter_spacing=\u00bb1px\u00bb][\/vc_column_inner][\/vc_row_inner][\/vc_column][\/vc_row][vc_row vertical_align=\u00bbmiddle\u00bb css=\u00bb.vc_custom_1624410431522{padding-top: 0px !important;}\u00bb][vc_column text_align=\u00bbcenter\u00bb][vc_row_inner][vc_column_inner width=\u00bb1\/3&#8243;][wyde_info_box title=\u00bbGran almacenamiento en HDD\u00bb icon_set=\u00bbtypicons\u00bb icon_typicons=\u00bbtypcn typcn-tick\u00bb icon_style=\u00bbcircle\u00bb color=\u00bb#5ececf\u00bb animation=\u00bbfadeInRight\u00bb][\/wyde_info_box][\/vc_column_inner][vc_column_inner width=\u00bb1\/3&#8243;][wyde_info_box title=\u00bbAprovisionamiento r\u00e1pido\u00bb icon_set=\u00bbtypicons\u00bb icon_typicons=\u00bbtypcn typcn-tick\u00bb icon_style=\u00bbcircle\u00bb color=\u00bb#5ececf\u00bb animation=\u00bbfadeInUp\u00bb][\/wyde_info_box][\/vc_column_inner][vc_column_inner width=\u00bb1\/3&#8243;][wyde_info_box title=\u00bbCach\u00e9 SSD\u00bb icon_set=\u00bbtypicons\u00bb icon_typicons=\u00bbtypcn typcn-tick\u00bb icon_style=\u00bbcircle\u00bb color=\u00bb#5ececf\u00bb animation=\u00bbfadeInLeft\u00bb][\/wyde_info_box][\/vc_column_inner][\/vc_row_inner][\/vc_column][\/vc_row][vc_row vertical_align=\u00bbmiddle\u00bb padding_size=\u00bbm-padding\u00bb background_color=\u00bb#f4f4f4&#8243; content_width=\u00bb\u00bb][vc_column text_align=\u00bbcenter\u00bb padding_size=\u00bbno-padding\u00bb][vc_empty_space height=\u00bb70px\u00bb][vc_row_inner vertical_align=\u00bbmiddle\u00bb][vc_column_inner width=\u00bb1\/3&#8243;][wyde_pricing_box icon_set=\u00bbfontawesome\u00bb icon_fontawesome=\u00bbfa fa-child\u00bb heading=\u00bbStorage VPS\u00bb sub_heading=\u00bbVPS 300&#8243; price=\u00bb$500&#8243; price_unit=\u00bbal mes\u00bb button_text=\u00bbPR\u00d3XIMAMENTE\u00bb color=\u00bb#543aaf\u00bb button_color=\u00bb#543aaf\u00bb]<\/p>\n<p style=\"text-align: center;\">2 n\u00facleos de vCPU<\/p>\n<p style=\"text-align: center;\">2 GB de RAM<\/p>\n<p style=\"text-align: center;\">Disco duro de 500 GB<\/p>\n<p style=\"text-align: center;\">Puerto de 50 Mbit \/ s<\/p>\n<p>[\/wyde_pricing_box][\/vc_column_inner][vc_column_inner text_align=\u00bbcenter\u00bb width=\u00bb1\/3&#8243;][wyde_pricing_box icon_set=\u00bbfontawesome\u00bb icon_fontawesome=\u00bbfa fa-star\u00bb heading=\u00bbStorage VPS\u00bb sub_heading=\u00bbVPS 700&#8243; price=\u00bb$750&#8243; price_unit=\u00bbal mes\u00bb button_text=\u00bbPR\u00d3XIMAMENTE\u00bb featured=\u00bbtrue\u00bb color=\u00bb#5ececf\u00bb button_color=\u00bb#543aaf\u00bb]<\/p>\n<p style=\"text-align: center;\">2 n\u00facleos de vCPU<\/p>\n<p style=\"text-align: center;\">4 GB de RAM<\/p>\n<p style=\"text-align: center;\">Disco duro de 700 GB<\/p>\n<p style=\"text-align: center;\">Puerto de 50 Mbit \/ s<\/p>\n<p>[\/wyde_pricing_box][\/vc_column_inner][vc_column_inner width=\u00bb1\/3&#8243;][wyde_pricing_box icon_set=\u00bbfontawesome\u00bb icon_fontawesome=\u00bbfa fa-male\u00bb heading=\u00bbStorage VPS\u00bb sub_heading=\u00bbVPS 1400&#8243; price=\u00bb$1500&#8243; price_unit=\u00bbal mes\u00bb button_text=\u00bbPR\u00d3XIMAMENTE\u00bb color=\u00bb#543aaf\u00bb button_color=\u00bb#543aaf\u00bb]<\/p>\n<div class=\"spec svelte-1fhorfs\">\n<div class=\"spec-info svelte-1fhorfs\" style=\"text-align: center;\">\n<p style=\"text-align: center;\">4 n\u00facleos de vCPU<\/p>\n<p style=\"text-align: center;\">8 GB de RAM<\/p>\n<p style=\"text-align: center;\">Disco duro de 1,4 TB<\/p>\n<p style=\"text-align: center;\">Puerto de 50 Mbit \/ s<\/p>\n<\/div>\n<\/div>\n<p>[\/wyde_pricing_box][\/vc_column_inner][\/vc_row_inner][vc_empty_space height=\u00bb60px\u00bb][vc_row_inner vertical_align=\u00bbmiddle\u00bb][vc_column_inner width=\u00bb1\/2&#8243;][vc_column_text css=\u00bb.vc_custom_1624413878826{padding-top: 20px !important;}\u00bb]<\/p>\n<p style=\"text-align: left;\"><strong>Duraci\u00f3n m\u00ednima del contrato inicial:<\/strong><br \/>\n1 mes<\/p>\n<p>[\/vc_column_text][\/vc_column_inner][vc_column_inner text_align=\u00bbcenter\u00bb width=\u00bb1\/2&#8243;][vc_column_text css=\u00bb.vc_custom_1624413902800{padding-top: 20px !important;}\u00bb]<\/p>\n<p style=\"text-align: left;\"><strong>Duraci\u00f3n m\u00ednima del contrato siguiente:<\/strong><br \/>\nIgual a la duraci\u00f3n del contrato inicial<\/p>\n<p>[\/vc_column_text][\/vc_column_inner][\/vc_row_inner][\/vc_column][\/vc_row][vc_row css=\u00bb.vc_custom_1624417528782{margin-right: 15% !important;margin-left: 15% !important;border-radius: 25px !important;}\u00bb][vc_column][vc_row_inner background_color=\u00bb#ffffff\u00bb][vc_column_inner width=\u00bb1\/4&#8243;][vc_single_image image=\u00bb1965&#8243; alignment=\u00bbcenter\u00bb][\/vc_column_inner][vc_column_inner width=\u00bb1\/4&#8243;][wyde_info_box title=\u00bbGran almacenamiento en disco duro\u00bb icon_position=\u00bbleft\u00bb]Esta serie de VPS viene con un considerable espacio de almacenamiento en disco duro para todos sus datos. Adem\u00e1s de eso, cada servidor privado virtual tiene acceso a un SSD r\u00e1pido que se utiliza con fines de almacenamiento en cach\u00e9 para hacer que su VPS sea m\u00e1s r\u00e1pido.[\/wyde_info_box][\/vc_column_inner][vc_column_inner width=\u00bb1\/4&#8243;][vc_single_image image=\u00bb1863&#8243; alignment=\u00bbcenter\u00bb][\/vc_column_inner][vc_column_inner width=\u00bb1\/4&#8243;][wyde_info_box title=\u00bbAprovisionamiento r\u00e1pido\u00bb icon_position=\u00bbleft\u00bb]Todos los d\u00edas aprovisionamos cientos de VPS con un tiempo promedio de 20 minutos. Aseg\u00farese de pagar el servidor privado virtual con tarjeta de cr\u00e9dito para que podamos aprovisionarlo de inmediato sin esperar a que llegue el dinero.[\/wyde_info_box][\/vc_column_inner][\/vc_row_inner][wyde_separator label_style=\u00bbicon\u00bb icon_set=\u00bbfontawesome\u00bb icon_fontawesome=\u00bbfa fa-database\u00bb el_width=\u00bb50%\u00bb align=\u00bbcenter\u00bb color=\u00bb#5ececf\u00bb][vc_empty_space][vc_row_inner][vc_column_inner width=\u00bb1\/3&#8243;][wyde_info_box title=\u00bbSin cargos adicionales por transferencia\u00bb icon_set=\u00bbfontawesome\u00bb icon_fontawesome=\u00bbfa fa-check\u00bb icon_position=\u00bbleft\u00bb color=\u00bb#5ececf\u00bb][\/wyde_info_box][\/vc_column_inner][vc_column_inner width=\u00bb1\/3&#8243;][wyde_info_box title=\u00bbTecnolog\u00eda de instant\u00e1neas incluida\u00bb icon_set=\u00bbfontawesome\u00bb icon_fontawesome=\u00bbfa fa-check\u00bb icon_position=\u00bbleft\u00bb color=\u00bb#5ececf\u00bb][\/wyde_info_box][\/vc_column_inner][vc_column_inner width=\u00bb1\/3&#8243;][wyde_info_box title=\u00bbAcceso VNC incluido\u00bb icon_set=\u00bbfontawesome\u00bb icon_fontawesome=\u00bbfa fa-check\u00bb icon_position=\u00bbleft\u00bb color=\u00bb#5ececf\u00bb][\/wyde_info_box][\/vc_column_inner][\/vc_row_inner][vc_row_inner][vc_column_inner width=\u00bb1\/3&#8243;][wyde_info_box title=\u00bbReinstalaci\u00f3n del sistema operativo y reinicio a trav\u00e9s de la interfaz web\u00bb icon_set=\u00bbfontawesome\u00bb icon_fontawesome=\u00bbfa fa-check\u00bb icon_position=\u00bbleft\u00bb color=\u00bb#5ececf\u00bb][\/wyde_info_box][\/vc_column_inner][vc_column_inner width=\u00bb1\/3&#8243;][wyde_info_box title=\u00bbIP adicionales disponibles\u00bb icon_set=\u00bbfontawesome\u00bb icon_fontawesome=\u00bbfa fa-check\u00bb icon_position=\u00bbleft\u00bb color=\u00bb#5ececf\u00bb][\/wyde_info_box][\/vc_column_inner][vc_column_inner width=\u00bb1\/3&#8243;][wyde_info_box title=\u00bbEspacio de respaldo adicional disponible\u00bb icon_set=\u00bbfontawesome\u00bb icon_fontawesome=\u00bbfa fa-check\u00bb icon_position=\u00bbleft\u00bb color=\u00bb#5ececf\u00bb][\/wyde_info_box][\/vc_column_inner][\/vc_row_inner][\/vc_column][\/vc_row][vc_row vertical_align=\u00bbmiddle\u00bb padding_size=\u00bbs-padding\u00bb][vc_column][vc_custom_heading text=\u00bbIm\u00e1genes disponibles para su servidor privado virtual\u00bb font_container=\u00bbtag:h2|font_size:50px|text_align:left|color:%23333333|line_height:1.2&#8243; google_fonts=\u00bbfont_family:Montserrat%3Aregular%2C700|font_style:700%20bold%20regular%3A700%3Anormal\u00bb text_transform=\u00bbnone\u00bb animation=\u00bbfadeInRight\u00bb][vc_custom_heading text=\u00bbInstale autom\u00e1ticamente una amplia variedad de sistemas operativos y paneles de control\u00bb font_container=\u00bbtag:p|font_size:20px|text_align:left|color:%230a0a0a|line_height:20px\u00bb google_fonts=\u00bbfont_family:Noto%20Sans%3Aregular%2Citalic%2C700%2C700italic|font_style:400%20regular%3A400%3Anormal\u00bb text_transform=\u00bbnone\u00bb letter_spacing=\u00bb1px\u00bb][vc_empty_space][vc_tour][vc_tab title=\u00bbSistemas Operativos\u00bb tab_id=\u00bb1624423947-1-69&#8243;][wyde_clients_carousel images=\u00bb1898,1899,1896,1897,1894,1893,1892&#8243; image_size=\u00bbfull\u00bb visible_items=\u00bb4&#8243; show_navigation=\u00bbtrue\u00bb auto_play=\u00bb3&#8243; slide_loop=\u00bbtrue\u00bb][\/vc_tab][vc_tab title=\u00bbP\u00e1neles de Control\u00bb tab_id=\u00bb1624423947-2-15&#8243;][wyde_clients_carousel images=\u00bb1895,1891,1890&#8243; image_size=\u00bbfull\u00bb auto_play=\u00bb\u00bb][\/vc_tab][\/vc_tour][vc_empty_space][\/vc_column][\/vc_row][vc_row vertical_align=\u00bbmiddle\u00bb background_color=\u00bb#f4f4f4&#8243;][vc_column][vc_custom_heading text=\u00bbCasos de uso m\u00e1s populares\u00bb font_container=\u00bbtag:h2|font_size:50px|text_align:center|color:%23333333|line_height:1.2&#8243; google_fonts=\u00bbfont_family:Montserrat%3Aregular%2C700|font_style:700%20bold%20regular%3A700%3Anormal\u00bb text_transform=\u00bbnone\u00bb animation=\u00bbfadeInRight\u00bb][vc_empty_space][vc_row_inner background_color=\u00bb#ffffff\u00bb css=\u00bb.vc_custom_1624424939492{border-radius: 25px !important;}\u00bb][vc_column_inner width=\u00bb1\/3&#8243; css=\u00bb.vc_custom_1624425487254{padding-right: 5% !important;padding-left: 5% !important;}\u00bb][vc_empty_space height=\u00bb40px\u00bb][vc_custom_heading text=\u00bbComputaci\u00f3n de almacenamiento pesado\u00bb font_container=\u00bbtag:h2|font_size:20px|text_align:center|color:%23543aaf|line_height:1.2&#8243; google_fonts=\u00bbfont_family:Montserrat%3Aregular%2C700|font_style:700%20bold%20regular%3A700%3Anormal\u00bb text_transform=\u00bbnone\u00bb animation=\u00bbfadeIn\u00bb][wyde_info_box icon_position=\u00bbleft\u00bb]Storage VPS funciona muy bien para aplicaciones que necesitan leer \/ escribir una gran cantidad de datos mientras realizan c\u00e1lculos y, al mismo tiempo, no tienen altos requisitos de E \/ S.[\/wyde_info_box][vc_empty_space height=\u00bb20px\u00bb][\/vc_column_inner][vc_column_inner width=\u00bb1\/3&#8243; css=\u00bb.vc_custom_1624425477893{padding-right: 5% !important;padding-left: 5% !important;}\u00bb][vc_empty_space height=\u00bb40px\u00bb][vc_custom_heading text=\u00bbCopias de seguridad y espejo para recuperaci\u00f3n ante desastres\u00bb font_container=\u00bbtag:h2|font_size:20px|text_align:center|color:%23543aaf|line_height:1.2&#8243; google_fonts=\u00bbfont_family:Montserrat%3Aregular%2C700|font_style:700%20bold%20regular%3A700%3Anormal\u00bb text_transform=\u00bbnone\u00bb animation=\u00bbfadeIn\u00bb][wyde_info_box icon_position=\u00bbleft\u00bb]Estos servidores privados virtuales funcionar\u00e1n muy bien como soluciones de respaldo o puntos de recuperaci\u00f3n instant\u00e1nea.[\/wyde_info_box][vc_empty_space height=\u00bb20px\u00bb][\/vc_column_inner][vc_column_inner width=\u00bb1\/3&#8243; css=\u00bb.vc_custom_1624467637151{padding-right: 5% !important;padding-left: 5% !important;}\u00bb][vc_empty_space height=\u00bb40px\u00bb][vc_custom_heading text=\u00bbAlmacenamiento de datos con control total\u00bb font_container=\u00bbtag:h2|font_size:20px|text_align:center|color:%23543aaf|line_height:1.2&#8243; google_fonts=\u00bbfont_family:Montserrat%3Aregular%2C700|font_style:700%20bold%20regular%3A700%3Anormal\u00bb text_transform=\u00bbnone\u00bb animation=\u00bbfadeIn\u00bb][wyde_info_box icon_position=\u00bbleft\u00bb]Storage VPS funciona mejor para aquellos que no quieren usar el almacenamiento en bloque, pero prefieren tener su propia instancia para mantener el control sobre los datos.[\/wyde_info_box][vc_empty_space height=\u00bb20px\u00bb][\/vc_column_inner][\/vc_row_inner][\/vc_column][\/vc_row][vc_row row_style=\u00bbfull-width\u00bb padding_size=\u00bbno-padding\u00bb background_color=\u00bb#543aaf\u00bb css=\u00bb.vc_custom_1624428246707{border-top-width: 1px !important;padding-top: 0px !important;}\u00bb][vc_column text_align=\u00bbcenter\u00bb padding_size=\u00bbno-padding\u00bb][wyde_icon_block icon_set=\u00bbfontawesome\u00bb icon_fontawesome=\u00bbfa fa-cloud\u00bb size=\u00bblarge\u00bb hover=\u00bb1&#8243; bg_color=\u00bb#5ececf\u00bb css=\u00bb.vc_custom_1624428261782{margin-top: -70px !important;}\u00bb animation=\u00bbswing\u00bb][\/vc_column][\/vc_row][vc_row text_style=\u00bblight\u00bb vertical_align=\u00bbmiddle\u00bb padding_size=\u00bbno-padding\u00bb background_color=\u00bb#543aaf\u00bb][vc_column padding_size=\u00bbno-padding\u00bb][wyde_action_box title=\u00bbConoce High-Performance VPS\u00bb button_text=\u00bbVER M\u00c1S\u00bb style=\u00bbround\u00bb size=\u00bblarge\u00bb bg_color=\u00bb#543aaf\u00bb link=\u00bburl:https%3A%2F%2Fiavitech.com%2F%3Fpage_id%3D1826|title:HIGH-PERFORMANCE%20VPS\u00bb color=\u00bb#ffffff\u00bb hover_color=\u00bb#5ececf\u00bb css=\u00bb.vc_custom_1624428767807{margin-bottom: 5% !important;}\u00bb]<span style=\"color: #ffffff;\">Instancia inform\u00e1tica con acceso <em>root<\/em> completo<\/span>[\/wyde_action_box][\/vc_column][\/vc_row]<\/p>\n","protected":false},"excerpt":{"rendered":"<p>[vc_row vertical_align=\u00bbmiddle\u00bb padding_size=\u00bbl-padding\u00bb][vc_column width=\u00bb1\/4&#8243;][vc_empty_space][vc_single_image image=\u00bb1812&#8243; alignment=\u00bbcenter\u00bb css=\u00bb.vc_custom_1624427126958{padding-right: 10% !important;padding-left: 10% !important;}\u00bb animation=\u00bbfadeIn\u00bb][\/vc_column][vc_column padding_size=\u00bbno-padding\u00bb width=\u00bb3\/4&#8243;][vc_empty_space][vc_custom_heading text=\u00bbVPS con gran almacenamiento en HDD\u00bb font_container=\u00bbtag:h2|font_size:50px|text_align:left|color:%23333333|line_height:1.2&#8243; google_fonts=\u00bbfont_family:Montserrat%3Aregular%2C700|font_style:700%20bold%20regular%3A700%3Anormal\u00bb text_transform=\u00bbnone\u00bb animation=\u00bbfadeInRight\u00bb css=\u00bb.vc_custom_1624427928803{padding-right: 5% !important;}\u00bb][vc_empty_space][vc_row_inner][vc_column_inner][vc_custom_heading text=\u00bbUn VPS con almacenamiento optimizado para alojar todos sus datos valiosos. Elige el plan ideal&#8230;\u00bb font_container=\u00bbtag:p|font_size:20px|text_align:left|color:%230a0a0a|line_height:30px\u00bb google_fonts=\u00bbfont_family:Noto%20Sans%3Aregular%2Citalic%2C700%2C700italic|font_style:400%20regular%3A400%3Anormal\u00bb text_transform=\u00bbnone\u00bb letter_spacing=\u00bb1px\u00bb][\/vc_column_inner][\/vc_row_inner][\/vc_column][\/vc_row][vc_row vertical_align=\u00bbmiddle\u00bb css=\u00bb.vc_custom_1624410431522{padding-top: 0px !important;}\u00bb][vc_column text_align=\u00bbcenter\u00bb][vc_row_inner][vc_column_inner width=\u00bb1\/3&#8243;][wyde_info_box title=\u00bbGran almacenamiento en [&hellip;]<\/p>\n","protected":false},"author":1,"featured_media":0,"parent":0,"menu_order":0,"comment_status":"closed","ping_status":"closed","template":"","meta":{"_vp_format_video_url":"","_vp_image_focal_point":[]},"_links":{"self":[{"href":"https:\/\/iavitech.com\/index.php?rest_route=\/wp\/v2\/pages\/1939"}],"collection":[{"href":"https:\/\/iavitech.com\/index.php?rest_route=\/wp\/v2\/pages"}],"about":[{"href":"https:\/\/iavitech.com\/index.php?rest_route=\/wp\/v2\/types\/page"}],"author":[{"embeddable":true,"href":"https:\/\/iavitech.com\/index.php?rest_route=\/wp\/v2\/users\/1"}],"replies":[{"embeddable":true,"href":"https:\/\/iavitech.com\/index.php?rest_route=%2Fwp%2Fv2%2Fcomments&post=1939"}],"version-history":[{"count":23,"href":"https:\/\/iavitech.com\/index.php?rest_route=\/wp\/v2\/pages\/1939\/revisions"}],"predecessor-version":[{"id":2303,"href":"https:\/\/iavitech.com\/index.php?rest_route=\/wp\/v2\/pages\/1939\/revisions\/2303"}],"wp:attachment":[{"href":"https:\/\/iavitech.com\/index.php?rest_route=%2Fwp%2Fv2%2Fmedia&parent=1939"}],"curies":[{"name":"wp","href":"https:\/\/api.w.org\/{rel}","templated":true}]}}