{"id":1826,"date":"2021-06-23T00:22:13","date_gmt":"2021-06-23T00:22:13","guid":{"rendered":"https:\/\/iavitech.com\/?page_id=1826"},"modified":"2021-10-16T05:11:07","modified_gmt":"2021-10-16T05:11:07","slug":"high-performance-vps","status":"publish","type":"page","link":"https:\/\/iavitech.com\/?page_id=1826","title":{"rendered":"High-Performance VPS"},"content":{"rendered":"<p>[vc_row vertical_align=\u00bbmiddle\u00bb padding_size=\u00bbl-padding\u00bb][vc_column width=\u00bb1\/4&#8243;][vc_empty_space][vc_single_image image=\u00bb1813&#8243; alignment=\u00bbcenter\u00bb css=\u00bb.vc_custom_1624408707295{padding-right: 10% !important;padding-left: 10% !important;}\u00bb animation=\u00bbfadeIn\u00bb][\/vc_column][vc_column padding_size=\u00bbno-padding\u00bb width=\u00bb3\/4&#8243;][vc_empty_space][vc_custom_heading text=\u00bbVirtual Private Servers\u00bb font_container=\u00bbtag:h2|font_size:50px|text_align:left|color:%23333333|line_height:1.2&#8243; google_fonts=\u00bbfont_family:Montserrat%3Aregular%2C700|font_style:700%20bold%20regular%3A700%3Anormal\u00bb text_transform=\u00bbnone\u00bb animation=\u00bbfadeInRight\u00bb][vc_custom_heading text=\u00bb(VPS)\u00bb font_container=\u00bbtag:h2|font_size:30px|text_align:left|color:%23333333|line_height:1.2&#8243; google_fonts=\u00bbfont_family:Montserrat%3Aregular%2C700|font_style:700%20bold%20regular%3A700%3Anormal\u00bb text_transform=\u00bbnone\u00bb animation=\u00bbfadeInRight\u00bb][vc_empty_space][vc_row_inner][vc_column_inner][vc_custom_heading text=\u00bbInstancia inform\u00e1tica factible con completo acceso a root. Elige el plan ideal&#8230;\u00bb font_container=\u00bbtag:p|font_size:20px|text_align:left|color:%230a0a0a|line_height:20px\u00bb google_fonts=\u00bbfont_family:Noto%20Sans%3Aregular%2Citalic%2C700%2C700italic|font_style:400%20regular%3A400%3Anormal\u00bb text_transform=\u00bbnone\u00bb letter_spacing=\u00bb1px\u00bb][\/vc_column_inner][\/vc_row_inner][\/vc_column][\/vc_row][vc_row vertical_align=\u00bbmiddle\u00bb css=\u00bb.vc_custom_1624410431522{padding-top: 0px !important;}\u00bb][vc_column text_align=\u00bbcenter\u00bb][vc_row_inner][vc_column_inner width=\u00bb1\/3&#8243;][wyde_info_box title=\u00bbVirtualizaci\u00f3n completa\u00bb icon_set=\u00bbtypicons\u00bb icon_typicons=\u00bbtypcn typcn-tick\u00bb icon_style=\u00bbcircle\u00bb color=\u00bb#5ececf\u00bb animation=\u00bbfadeInRight\u00bb][\/wyde_info_box][\/vc_column_inner][vc_column_inner width=\u00bb1\/3&#8243;][wyde_info_box title=\u00bbSSD 100% r\u00e1pido incluido\u00bb icon_set=\u00bbtypicons\u00bb icon_typicons=\u00bbtypcn typcn-tick\u00bb icon_style=\u00bbcircle\u00bb color=\u00bb#5ececf\u00bb animation=\u00bbfadeInUp\u00bb][\/wyde_info_box][\/vc_column_inner][vc_column_inner width=\u00bb1\/3&#8243;][wyde_info_box title=\u00bbAprovisionamiento r\u00e1pido\u00bb icon_set=\u00bbtypicons\u00bb icon_typicons=\u00bbtypcn typcn-tick\u00bb icon_style=\u00bbcircle\u00bb color=\u00bb#5ececf\u00bb animation=\u00bbfadeInLeft\u00bb][\/wyde_info_box][\/vc_column_inner][\/vc_row_inner][\/vc_column][\/vc_row][vc_row vertical_align=\u00bbmiddle\u00bb padding_size=\u00bbm-padding\u00bb background_color=\u00bb#f4f4f4&#8243; content_width=\u00bb\u00bb][vc_column text_align=\u00bbcenter\u00bb padding_size=\u00bbno-padding\u00bb][vc_empty_space height=\u00bb70px\u00bb][vc_row_inner vertical_align=\u00bbmiddle\u00bb][vc_column_inner width=\u00bb1\/4&#8243;][wyde_pricing_box icon_set=\u00bbfontawesome\u00bb icon_fontawesome=\u00bbfa fa-child\u00bb heading=\u00bbVPS B\u00e1sico\u00bb sub_heading=\u00bbVPS S SSD\u00bb price=\u00bb$450&#8243; price_unit=\u00bbal mes\u00bb button_text=\u00bbPROXIMAMENTE\u00bb color=\u00bb#543aaf\u00bb button_color=\u00bb#543aaf\u00bb]<\/p>\n<p style=\"text-align: center;\">1 n\u00facleos de vCPU<\/p>\n<p style=\"text-align: center;\">1 GB de RAM<\/p>\n<p style=\"text-align: center;\">SSD de 100 GB<\/p>\n<p style=\"text-align: center;\">Puerto de 50 Mbit \/ s<\/p>\n<p style=\"text-align: center;\">1 instant\u00e1nea<\/p>\n<p>[\/wyde_pricing_box][\/vc_column_inner][vc_column_inner text_align=\u00bbcenter\u00bb width=\u00bb1\/4&#8243;][wyde_pricing_box icon_set=\u00bbfontawesome\u00bb icon_fontawesome=\u00bbfa fa-star\u00bb heading=\u00bbVPS \u00d3ptimo\u00bb sub_heading=\u00bbVPS M SSD\u00bb price=\u00bb$550&#8243; price_unit=\u00bbal mes\u00bb button_text=\u00bbPR\u00d3XIMAMENTE\u00bb featured=\u00bbtrue\u00bb color=\u00bb#5ececf\u00bb button_color=\u00bb#543aaf\u00bb]<\/p>\n<p style=\"text-align: center;\">2 n\u00facleos de vCPU<\/p>\n<p style=\"text-align: center;\">2 GB de RAM<\/p>\n<p style=\"text-align: center;\">SSD de 200 GB<\/p>\n<p style=\"text-align: center;\">Puerto de 50 Mbit \/ s<\/p>\n<p style=\"text-align: center;\">2 instant\u00e1nea<\/p>\n<p>[\/wyde_pricing_box][\/vc_column_inner][vc_column_inner width=\u00bb1\/4&#8243;][wyde_pricing_box icon_set=\u00bbfontawesome\u00bb icon_fontawesome=\u00bbfa fa-male\u00bb heading=\u00bbVPS Master\u00bb sub_heading=\u00bbVPS L SSD\u00bb price=\u00bb$750&#8243; price_unit=\u00bbal mes\u00bb button_text=\u00bbPR\u00d3XIMAMENTE\u00bb color=\u00bb#543aaf\u00bb button_color=\u00bb#543aaf\u00bb]<\/p>\n<p style=\"text-align: center;\">2 n\u00facleos de vCPU<\/p>\n<p style=\"text-align: center;\">4 GB de RAM<\/p>\n<p style=\"text-align: center;\">SSD de 300 GB<\/p>\n<p style=\"text-align: center;\">Puerto de 50 Mbit \/ s<\/p>\n<p style=\"text-align: center;\">3 instant\u00e1nea<\/p>\n<p>[\/wyde_pricing_box][\/vc_column_inner][vc_column_inner width=\u00bb1\/4&#8243;][wyde_pricing_box icon_set=\u00bbfontawesome\u00bb icon_fontawesome=\u00bbfa fa-fighter-jet\u00bb heading=\u00bbVPS Pro\u00bb sub_heading=\u00bbVPS XL SSD\u00bb price=\u00bb$990&#8243; price_unit=\u00bbal mes\u00bb button_text=\u00bbPR\u00d3XIMAMENTE\u00bb color=\u00bb#543aaf\u00bb button_color=\u00bb#543aaf\u00bb]<\/p>\n<p style=\"text-align: center;\">4 n\u00facleos de vCPU<\/p>\n<p style=\"text-align: center;\">4 GB de RAM<\/p>\n<p style=\"text-align: center;\">SSD de 500G<\/p>\n<p style=\"text-align: center;\">Puerto de 50 Mbit \/ s<\/p>\n<p style=\"text-align: center;\">4 instant\u00e1nea<\/p>\n<p>[\/wyde_pricing_box][\/vc_column_inner][\/vc_row_inner][vc_empty_space height=\u00bb60px\u00bb][vc_row_inner vertical_align=\u00bbmiddle\u00bb][vc_column_inner width=\u00bb1\/2&#8243;][vc_column_text css=\u00bb.vc_custom_1624413878826{padding-top: 20px !important;}\u00bb]<\/p>\n<p style=\"text-align: left;\"><strong>Duraci\u00f3n m\u00ednima del contrato inicial:<\/strong><br \/>\n1 mes<\/p>\n<p>[\/vc_column_text][\/vc_column_inner][vc_column_inner text_align=\u00bbcenter\u00bb width=\u00bb1\/2&#8243;][vc_column_text css=\u00bb.vc_custom_1624413902800{padding-top: 20px !important;}\u00bb]<\/p>\n<p style=\"text-align: left;\"><strong>Duraci\u00f3n m\u00ednima del contrato siguiente:<\/strong><br \/>\nIgual a la duraci\u00f3n del contrato inicial<\/p>\n<p>[\/vc_column_text][\/vc_column_inner][\/vc_row_inner][\/vc_column][\/vc_row][vc_row css=\u00bb.vc_custom_1624417528782{margin-right: 15% !important;margin-left: 15% !important;border-radius: 25px !important;}\u00bb][vc_column][vc_row_inner background_color=\u00bb#ffffff\u00bb][vc_column_inner width=\u00bb1\/4&#8243;][vc_single_image image=\u00bb1864&#8243; alignment=\u00bbcenter\u00bb][\/vc_column_inner][vc_column_inner width=\u00bb1\/4&#8243;][wyde_info_box title=\u00bbAccesible\u00bb icon_position=\u00bbleft\u00bb]\u00bfLo mejor de Cloud VPS? \u00a1Eficiencia de precios! A partir de $100 obtienes tu propio servidor virtual con un sistema operativo de tu elecci\u00f3n y acceso <em>root<\/em> completo. Un servidor privado virtual es una excelente manera de obtener una instancia inform\u00e1tica independiente a un precio inigualable.[\/wyde_info_box][\/vc_column_inner][vc_column_inner width=\u00bb1\/4&#8243;][vc_single_image image=\u00bb1863&#8243; alignment=\u00bbcenter\u00bb][\/vc_column_inner][vc_column_inner width=\u00bb1\/4&#8243;][wyde_info_box title=\u00bbAprovisionamiento r\u00e1pido\u00bb icon_position=\u00bbleft\u00bb]Todos los d\u00edas aprovisionamos cientos de VPS con un tiempo promedio de 20 minutos. Aseg\u00farese de pagar el servidor privado virtual con tarjeta de cr\u00e9dito para que podamos aprovisionarlo de inmediato sin esperar a que llegue el dinero.[\/wyde_info_box][\/vc_column_inner][\/vc_row_inner][vc_row_inner background_color=\u00bb#ffffff\u00bb][vc_column_inner width=\u00bb1\/4&#8243;][vc_single_image image=\u00bb1862&#8243; alignment=\u00bbcenter\u00bb css=\u00bb.vc_custom_1624424083746{margin-right: 5% !important;margin-left: 5% !important;}\u00bb][\/vc_column_inner][vc_column_inner width=\u00bb1\/4&#8243;][wyde_info_box title=\u00bbSin costo adicional por transferencia\u00bb icon_position=\u00bbleft\u00bb]A diferencia de algunos de nuestros competidores, en iAVITECH nunca le cobraremos extra por transferencias entrantes o salientes en su Servidor Privado Virtual. Ya se incluyen 32 TB de transferencia en cada paquete de VPS.[\/wyde_info_box][\/vc_column_inner][vc_column_inner width=\u00bb1\/4&#8243;][vc_single_image image=\u00bb1861&#8243; alignment=\u00bbcenter\u00bb css=\u00bb.vc_custom_1624424150899{margin-right: 5% !important;margin-left: 5% !important;}\u00bb][\/vc_column_inner][vc_column_inner width=\u00bb1\/4&#8243;][wyde_info_box title=\u00bbVirtualizaci\u00f3n completa\u00bb icon_position=\u00bbleft\u00bb]Los servidores privados virtuales de iAVITECH est\u00e1n virtualizados a nivel de <em>hardware<\/em>. Esto significa que obtiene todos los beneficios de los componentes de <em>hardware<\/em> utilizados para construir el servidor que aloja su VPS. Esto vale la pena para un mejor rendimiento.[\/wyde_info_box][\/vc_column_inner][\/vc_row_inner][wyde_separator label_style=\u00bbicon\u00bb icon_set=\u00bbfontawesome\u00bb icon_fontawesome=\u00bbfa fa-database\u00bb el_width=\u00bb50%\u00bb align=\u00bbcenter\u00bb color=\u00bb#5ececf\u00bb][vc_empty_space][vc_row_inner][vc_column_inner width=\u00bb1\/3&#8243;][wyde_info_box title=\u00bbSin cargos adicionales por transferencia\u00bb icon_set=\u00bbfontawesome\u00bb icon_fontawesome=\u00bbfa fa-check\u00bb icon_position=\u00bbleft\u00bb color=\u00bb#5ececf\u00bb][\/wyde_info_box][\/vc_column_inner][vc_column_inner width=\u00bb1\/3&#8243;][wyde_info_box title=\u00bbTecnolog\u00eda de instant\u00e1neas incluida\u00bb icon_set=\u00bbfontawesome\u00bb icon_fontawesome=\u00bbfa fa-check\u00bb icon_position=\u00bbleft\u00bb color=\u00bb#5ececf\u00bb][\/wyde_info_box][\/vc_column_inner][vc_column_inner width=\u00bb1\/3&#8243;][wyde_info_box title=\u00bbAcceso VNC incluido\u00bb icon_set=\u00bbfontawesome\u00bb icon_fontawesome=\u00bbfa fa-check\u00bb icon_position=\u00bbleft\u00bb color=\u00bb#5ececf\u00bb][\/wyde_info_box][\/vc_column_inner][\/vc_row_inner][vc_row_inner][vc_column_inner width=\u00bb1\/3&#8243;][wyde_info_box title=\u00bbReinstalaci\u00f3n del sistema operativo y reinicio a trav\u00e9s de la interfaz web\u00bb icon_set=\u00bbfontawesome\u00bb icon_fontawesome=\u00bbfa fa-check\u00bb icon_position=\u00bbleft\u00bb color=\u00bb#5ececf\u00bb][\/wyde_info_box][\/vc_column_inner][vc_column_inner width=\u00bb1\/3&#8243;][wyde_info_box title=\u00bbIP adicionales disponibles\u00bb icon_set=\u00bbfontawesome\u00bb icon_fontawesome=\u00bbfa fa-check\u00bb icon_position=\u00bbleft\u00bb color=\u00bb#5ececf\u00bb][\/wyde_info_box][\/vc_column_inner][vc_column_inner width=\u00bb1\/3&#8243;][wyde_info_box title=\u00bbEspacio de respaldo adicional disponible\u00bb icon_set=\u00bbfontawesome\u00bb icon_fontawesome=\u00bbfa fa-check\u00bb icon_position=\u00bbleft\u00bb color=\u00bb#5ececf\u00bb][\/wyde_info_box][\/vc_column_inner][\/vc_row_inner][\/vc_column][\/vc_row][vc_row vertical_align=\u00bbmiddle\u00bb padding_size=\u00bbs-padding\u00bb][vc_column][vc_custom_heading text=\u00bbIm\u00e1genes disponibles para su servidor privado virtual\u00bb font_container=\u00bbtag:h2|font_size:50px|text_align:left|color:%23333333|line_height:1.2&#8243; google_fonts=\u00bbfont_family:Montserrat%3Aregular%2C700|font_style:700%20bold%20regular%3A700%3Anormal\u00bb text_transform=\u00bbnone\u00bb animation=\u00bbfadeInRight\u00bb][vc_custom_heading text=\u00bbInstale autom\u00e1ticamente una amplia variedad de sistemas operativos y paneles de control\u00bb font_container=\u00bbtag:p|font_size:20px|text_align:left|color:%230a0a0a|line_height:20px\u00bb google_fonts=\u00bbfont_family:Noto%20Sans%3Aregular%2Citalic%2C700%2C700italic|font_style:400%20regular%3A400%3Anormal\u00bb text_transform=\u00bbnone\u00bb letter_spacing=\u00bb1px\u00bb][vc_empty_space][vc_tour][vc_tab title=\u00bbSistemas Operativos\u00bb tab_id=\u00bb1624423947-1-69&#8243;][wyde_clients_carousel images=\u00bb1898,1899,1896,1897,1894,1893,1892&#8243; image_size=\u00bbfull\u00bb visible_items=\u00bb4&#8243; show_navigation=\u00bbtrue\u00bb auto_play=\u00bb3&#8243; slide_loop=\u00bbtrue\u00bb][\/vc_tab][vc_tab title=\u00bbP\u00e1neles de Control\u00bb tab_id=\u00bb1624423947-2-15&#8243;][wyde_clients_carousel images=\u00bb1895,1891,1890&#8243; image_size=\u00bbfull\u00bb auto_play=\u00bb\u00bb][\/vc_tab][\/vc_tour][vc_empty_space][\/vc_column][\/vc_row][vc_row vertical_align=\u00bbmiddle\u00bb background_color=\u00bb#f4f4f4&#8243;][vc_column][vc_custom_heading text=\u00bbLa tecnolog\u00eda detr\u00e1s de VPS\u00bb font_container=\u00bbtag:h2|font_size:50px|text_align:center|color:%23333333|line_height:1.2&#8243; google_fonts=\u00bbfont_family:Montserrat%3Aregular%2C700|font_style:700%20bold%20regular%3A700%3Anormal\u00bb text_transform=\u00bbnone\u00bb animation=\u00bbfadeInRight\u00bb][vc_empty_space][vc_row_inner background_color=\u00bb#ffffff\u00bb css=\u00bb.vc_custom_1624424939492{border-radius: 25px !important;}\u00bb][vc_column_inner width=\u00bb1\/2&#8243; css=\u00bb.vc_custom_1624425487254{padding-right: 5% !important;padding-left: 5% !important;}\u00bb][vc_empty_space height=\u00bb40px\u00bb][vc_custom_heading text=\u00bbHardware de \u00faltima generaci\u00f3n\u00bb font_container=\u00bbtag:h2|font_size:30px|text_align:center|color:%23543aaf|line_height:1.2&#8243; google_fonts=\u00bbfont_family:Montserrat%3Aregular%2C700|font_style:700%20bold%20regular%3A700%3Anormal\u00bb text_transform=\u00bbnone\u00bb animation=\u00bbfadeIn\u00bb][wyde_info_box icon_position=\u00bbleft\u00bb]En iAVITECH tenemos m\u00e1s de 6 a\u00f1os de experiencia en la ejecuci\u00f3n de VPS, por lo que sabemos qu\u00e9 tipo de <em>hardware<\/em> garantiza un rendimiento duradero y estable. Al mirar nuestros precios, es posible que se sorprenda al saber que solo utilizamos componentes de alta calidad, como las CPU Intel y AMD. Independientemente de que paguemos m\u00e1s por ese tipo de <em>hardware<\/em>, ofrece mayor estabilidad y rendimiento mientras se ejecuta la virtualizaci\u00f3n, por lo que es una mejor opci\u00f3n para los sistemas <em>host<\/em> que las alternativas econ\u00f3micas.[\/wyde_info_box][vc_empty_space height=\u00bb20px\u00bb][\/vc_column_inner][vc_column_inner width=\u00bb1\/2&#8243; css=\u00bb.vc_custom_1624425477893{padding-right: 5% !important;padding-left: 5% !important;}\u00bb][vc_empty_space height=\u00bb40px\u00bb][vc_custom_heading text=\u00bbSecretos para una Virtualizaci\u00f3n\u00bb font_container=\u00bbtag:h2|font_size:30px|text_align:center|color:%23543aaf|line_height:1.2&#8243; google_fonts=\u00bbfont_family:Montserrat%3Aregular%2C700|font_style:700%20bold%20regular%3A700%3Anormal\u00bb text_transform=\u00bbnone\u00bb animation=\u00bbfadeIn\u00bb][wyde_info_box icon_position=\u00bbleft\u00bb]Adem\u00e1s del <em>hardwar<\/em>e utilizado, la orquestaci\u00f3n de la virtualizaci\u00f3n es lo que marca la diferencia en el rendimiento de VPS. Nuestra virtualizaci\u00f3n se basa en KVM y Proxmox, que tienen un historial grande en <em>Data<\/em> como tecnolog\u00edas estables y confiables. Adem\u00e1s de eso, tenemos tecnolog\u00edas patentadas que utilizamos para optimizar la utilizaci\u00f3n de cada sistema <em>host<\/em>. Monitoreamos constantemente la carga y agrupamos VPS con diferentes patrones de uso.[\/wyde_info_box][vc_empty_space height=\u00bb20px\u00bb][\/vc_column_inner][\/vc_row_inner][\/vc_column][\/vc_row][vc_row row_style=\u00bbfull-width\u00bb padding_size=\u00bbno-padding\u00bb background_color=\u00bb#5ececf\u00bb css=\u00bb.vc_custom_1624426267535{border-top-width: 1px !important;padding-top: 0px !important;}\u00bb][vc_column text_align=\u00bbcenter\u00bb padding_size=\u00bbno-padding\u00bb][wyde_icon_block icon_set=\u00bbfontawesome\u00bb icon_fontawesome=\u00bbfa fa-cloud\u00bb size=\u00bblarge\u00bb hover=\u00bb1&#8243; bg_color=\u00bb#543aaf\u00bb css=\u00bb.vc_custom_1624426315742{margin-top: -70px !important;}\u00bb animation=\u00bbswing\u00bb][\/vc_column][\/vc_row][vc_row text_style=\u00bblight\u00bb vertical_align=\u00bbmiddle\u00bb padding_size=\u00bbno-padding\u00bb background_color=\u00bb#5ececf\u00bb][vc_column padding_size=\u00bbno-padding\u00bb][wyde_action_box title=\u00bbConoce Storage VPS\u00bb button_text=\u00bbVER M\u00c1S\u00bb style=\u00bbround\u00bb size=\u00bblarge\u00bb color=\u00bb#ffffff\u00bb hover_color=\u00bb#543aaf\u00bb bg_color=\u00bb#5ececf\u00bb css=\u00bb.vc_custom_1624428177667{margin-bottom: 5% !important;background-color: #5ececf !important;}\u00bb link=\u00bburl:https%3A%2F%2Fiavitech.com%2F%3Fpage_id%3D1939|title:STORAGE%20VPS\u00bb]<span style=\"color: #ffffff;\">VPS con almacenamiento optimizado para alojar todos sus datos valiosos.<\/span>[\/wyde_action_box][\/vc_column][\/vc_row]<\/p>\n","protected":false},"excerpt":{"rendered":"<p>[vc_row vertical_align=\u00bbmiddle\u00bb padding_size=\u00bbl-padding\u00bb][vc_column width=\u00bb1\/4&#8243;][vc_empty_space][vc_single_image image=\u00bb1813&#8243; alignment=\u00bbcenter\u00bb css=\u00bb.vc_custom_1624408707295{padding-right: 10% !important;padding-left: 10% !important;}\u00bb animation=\u00bbfadeIn\u00bb][\/vc_column][vc_column padding_size=\u00bbno-padding\u00bb width=\u00bb3\/4&#8243;][vc_empty_space][vc_custom_heading text=\u00bbVirtual Private Servers\u00bb font_container=\u00bbtag:h2|font_size:50px|text_align:left|color:%23333333|line_height:1.2&#8243; google_fonts=\u00bbfont_family:Montserrat%3Aregular%2C700|font_style:700%20bold%20regular%3A700%3Anormal\u00bb text_transform=\u00bbnone\u00bb animation=\u00bbfadeInRight\u00bb][vc_custom_heading text=\u00bb(VPS)\u00bb font_container=\u00bbtag:h2|font_size:30px|text_align:left|color:%23333333|line_height:1.2&#8243; google_fonts=\u00bbfont_family:Montserrat%3Aregular%2C700|font_style:700%20bold%20regular%3A700%3Anormal\u00bb text_transform=\u00bbnone\u00bb animation=\u00bbfadeInRight\u00bb][vc_empty_space][vc_row_inner][vc_column_inner][vc_custom_heading text=\u00bbInstancia inform\u00e1tica factible con completo acceso a root. Elige el plan ideal&#8230;\u00bb font_container=\u00bbtag:p|font_size:20px|text_align:left|color:%230a0a0a|line_height:20px\u00bb google_fonts=\u00bbfont_family:Noto%20Sans%3Aregular%2Citalic%2C700%2C700italic|font_style:400%20regular%3A400%3Anormal\u00bb text_transform=\u00bbnone\u00bb letter_spacing=\u00bb1px\u00bb][\/vc_column_inner][\/vc_row_inner][\/vc_column][\/vc_row][vc_row vertical_align=\u00bbmiddle\u00bb css=\u00bb.vc_custom_1624410431522{padding-top: 0px !important;}\u00bb][vc_column text_align=\u00bbcenter\u00bb][vc_row_inner][vc_column_inner width=\u00bb1\/3&#8243;][wyde_info_box title=\u00bbVirtualizaci\u00f3n completa\u00bb icon_set=\u00bbtypicons\u00bb icon_typicons=\u00bbtypcn typcn-tick\u00bb icon_style=\u00bbcircle\u00bb color=\u00bb#5ececf\u00bb [&hellip;]<\/p>\n","protected":false},"author":1,"featured_media":0,"parent":0,"menu_order":0,"comment_status":"closed","ping_status":"closed","template":"","meta":{"_vp_format_video_url":"","_vp_image_focal_point":[]},"_links":{"self":[{"href":"https:\/\/iavitech.com\/index.php?rest_route=\/wp\/v2\/pages\/1826"}],"collection":[{"href":"https:\/\/iavitech.com\/index.php?rest_route=\/wp\/v2\/pages"}],"about":[{"href":"https:\/\/iavitech.com\/index.php?rest_route=\/wp\/v2\/types\/page"}],"author":[{"embeddable":true,"href":"https:\/\/iavitech.com\/index.php?rest_route=\/wp\/v2\/users\/1"}],"replies":[{"embeddable":true,"href":"https:\/\/iavitech.com\/index.php?rest_route=%2Fwp%2Fv2%2Fcomments&post=1826"}],"version-history":[{"count":96,"href":"https:\/\/iavitech.com\/index.php?rest_route=\/wp\/v2\/pages\/1826\/revisions"}],"predecessor-version":[{"id":2300,"href":"https:\/\/iavitech.com\/index.php?rest_route=\/wp\/v2\/pages\/1826\/revisions\/2300"}],"wp:attachment":[{"href":"https:\/\/iavitech.com\/index.php?rest_route=%2Fwp%2Fv2%2Fmedia&parent=1826"}],"curies":[{"name":"wp","href":"https:\/\/api.w.org\/{rel}","templated":true}]}}