{"id":1668,"date":"2021-06-18T23:28:03","date_gmt":"2021-06-18T23:28:03","guid":{"rendered":"https:\/\/iavitech.com\/?page_id=1668"},"modified":"2021-07-22T00:34:16","modified_gmt":"2021-07-22T00:34:16","slug":"servicios-de-datawarehouse","status":"publish","type":"page","link":"https:\/\/iavitech.com\/?page_id=1668","title":{"rendered":"Servicios de Data Warehouse"},"content":{"rendered":"<p>[vc_row row_style=\u00bbfull-width\u00bb vertical_align=\u00bbmiddle\u00bb padding_size=\u00bbl-padding\u00bb][vc_column][vc_custom_heading text=\u00bbServicios de Data Warehouse:\u00bb font_container=\u00bbtag:h2|font_size:50px|text_align:center|color:%23333333|line_height:1.2&#8243; google_fonts=\u00bbfont_family:Montserrat%3Aregular%2C700|font_style:700%20bold%20regular%3A700%3Anormal\u00bb text_transform=\u00bbnone\u00bb animation=\u00bbfadeInLeft\u00bb][vc_custom_heading text=\u00bbConsultor\u00eda y Desarrollo\u00bb font_container=\u00bbtag:h2|font_size:50px|text_align:center|color:%23333333|line_height:1.2&#8243; google_fonts=\u00bbfont_family:Montserrat%3Aregular%2C700|font_style:700%20bold%20regular%3A700%3Anormal\u00bb text_transform=\u00bbnone\u00bb css=\u00bb.vc_custom_1624311501740{margin-top: -15px !important;}\u00bb animation=\u00bbfadeInRight\u00bb][vc_empty_space height=\u00bb60px\u00bb][vc_single_image image=\u00bb1722&#8243; alignment=\u00bbcenter\u00bb][vc_empty_space height=\u00bb60px\u00bb][vc_custom_heading text=\u00bbLos servicios de almacenamiento de datos (DWH) ayudan a las empresas a implementar, mejorar o migrar su soluci\u00f3n DWH para consolidar fuentes de datos bajo un mismo techo y mejorar su toma de decisiones.<br \/>\niAVITECH presta una gama completa de servicios de almacenamiento de datos, que incluyen consultor\u00eda, desarrollo, migraci\u00f3n y soporte para ayudar a las empresas a beneficiarse de un almacenamiento de datos de alto rendimiento.\u00bb font_container=\u00bbtag:p|font_size:22px|text_align:center|color:%23727272|line_height:44px\u00bb google_fonts=\u00bbfont_family:Lato%3A100%2C100italic%2C300%2C300italic%2Cregular%2Citalic%2C700%2C700italic%2C900%2C900italic|font_style:300%20light%20regular%3A300%3Anormal\u00bb css=\u00bb.vc_custom_1624311851908{padding-right: 13% !important;padding-left: 13% !important;}\u00bb][\/vc_column][\/vc_row][vc_row padding_size=\u00bbl-padding\u00bb background_color=\u00bb#543aaf\u00bb][vc_column][vc_row_inner text_style=\u00bblight\u00bb][vc_column_inner][vc_empty_space][vc_custom_heading text=\u00bb\u00bfNo est\u00e1s seguro de c\u00f3mo comenzar tu proyecto DWH?\u00bb font_container=\u00bbtag:p|font_size:48px|text_align:left|color:%23ffffff|line_height:60px\u00bb google_fonts=\u00bbfont_family:Montserrat%3Aregular%2C700|font_style:400%20regular%3A400%3Anormal\u00bb][vc_empty_space height=\u00bb15px\u00bb][wyde_icon_block icon=\u00bbflora-icon-line\u00bb size=\u00bblarge\u00bb style=\u00bbnone\u00bb color=\u00bb#5ececf\u00bb][vc_empty_space][vc_custom_heading text=\u00bbLos consultores de DWH de iAVITECH est\u00e1n listos para ayudarte a dise\u00f1ar una soluci\u00f3n de DWH completa o brindarle un asesoramiento experto sobre la migraci\u00f3n \/ actualizaci\u00f3n del proyecto existente para optimizar el rendimiento y los costos de DWH.\u00bb font_container=\u00bbtag:p|font_size:16px|text_align:left|color:%23d7d7d7|line_height:2&#8243; google_fonts=\u00bbfont_family:Lato%3A100%2C100italic%2C300%2C300italic%2Cregular%2Citalic%2C700%2C700italic%2C900%2C900italic|font_style:400%20regular%3A400%3Anormal\u00bb][vc_empty_space][wyde_link_button title=\u00bbSOLICITA CONSULTA\u00bb style=\u00bbround\u00bb size=\u00bblarge\u00bb color=\u00bb#5ececf\u00bb animation=\u00bbbounceIn\u00bb link=\u00bburl:http%3A%2F%2Fthemeforest.net%2Fitem%2Fflora-responsive-creative-wordpress-theme%2F12038776%3Fref%3DWyde||target:%20_blank\u00bb][vc_empty_space][\/vc_column_inner][\/vc_row_inner][\/vc_column][\/vc_row][vc_row vertical_align=\u00bbmiddle\u00bb padding_size=\u00bbno-padding\u00bb background_color=\u00bb#ffffff\u00bb][vc_column padding_size=\u00bbno-padding\u00bb css=\u00bb.vc_custom_1624314006796{padding-left: -10% !important;}\u00bb][vc_row_inner vertical_align=\u00bbmiddle\u00bb][vc_column_inner text_align=\u00bbcenter\u00bb width=\u00bb1\/4&#8243;][wyde_icon_block icon_set=\u00bbfontawesome\u00bb icon_fontawesome=\u00bbfa fa-question\u00bb size=\u00bblarge\u00bb hover=\u00bb6&#8243; animation=\u00bbzoomIn\u00bb css=\u00bb.vc_custom_1624314240981{background-color: #5ececf !important;}\u00bb bg_color=\u00bb#5ececf\u00bb][\/vc_column_inner][vc_column_inner width=\u00bb3\/4&#8243;][vc_empty_space height=\u00bb90px\u00bb][vc_custom_heading text=\u00bb\u00bfPor qu\u00e9 iAVITECH?\u00bb font_container=\u00bbtag:h2|font_size:50px|text_align:left|color:%23543aaf|line_height:1.2&#8243; google_fonts=\u00bbfont_family:Montserrat%3Aregular%2C700|font_style:700%20bold%20regular%3A700%3Anormal\u00bb text_transform=\u00bbnone\u00bb el_class=\u00bboverlap-left\u00bb animation=\u00bbfadeInRight\u00bb css=\u00bb.vc_custom_1624338035106{padding-left: 5% !important;}\u00bb][vc_empty_space][vc_column_text]<\/p>\n<ul>\n<li>Con m\u00e1s de 6 a\u00f1os de experiencia en <strong>an\u00e1lisis de datos<\/strong>, conocemos los dominios de inteligencia empresarial y <em>Big Data<\/em>. Somos igualmente capaces de construir un almac\u00e9n de datos independiente y convertirlo en parte de la arquitectura compleja de una soluci\u00f3n de big data<\/li>\n<li>Como proveedor de servicios de gesti\u00f3n de datos, entendemos la importancia de contar con datos integrados y de alta calidad y sabemos c\u00f3mo conseguirlos<\/li>\n<li>Somos <em>Microsoft Gold Partner, Oracle Silver Partner y AWS Select Consulting Partner<\/em><\/li>\n<li>Un sistema de gesti\u00f3n de calidad maduro para entregar proyectos de alta calidad a tiempo y dentro del presupuesto y seguridad de los datos del cliente garantizada demostrada por las <strong>certificaciones ISO 9001<\/strong> e <strong>ISO 27001<\/strong><\/li>\n<\/ul>\n<p>[\/vc_column_text][vc_empty_space height=\u00bb40px\u00bb][\/vc_column_inner][\/vc_row_inner][\/vc_column][\/vc_row][vc_row row_style=\u00bbfull-width\u00bb vertical_align=\u00bbmiddle\u00bb padding_size=\u00bbl-padding\u00bb background_color=\u00bb#f4f4f4&#8243;][vc_column][vc_custom_heading text=\u00bbSERVICIOS DE DATA WAREHOUSE\u00bb font_container=\u00bbtag:h2|font_size:50px|text_align:center|color:%23333333|line_height:1.2&#8243; google_fonts=\u00bbfont_family:Montserrat%3Aregular%2C700|font_style:700%20bold%20regular%3A700%3Anormal\u00bb text_transform=\u00bbnone\u00bb animation=\u00bbfadeInUp\u00bb][vc_custom_heading text=\u00bbPOR iAVITECH\u00bb font_container=\u00bbtag:h2|font_size:50px|text_align:center|color:%23333333|line_height:1.2&#8243; google_fonts=\u00bbfont_family:Montserrat%3Aregular%2C700|font_style:700%20bold%20regular%3A700%3Anormal\u00bb text_transform=\u00bbnone\u00bb css=\u00bb.vc_custom_1624338297097{margin-top: -15px !important;}\u00bb animation=\u00bbfadeInUp\u00bb][wyde_separator label_style=\u00bbicon\u00bb icon_set=\u00bbetline\u00bb icon_etline=\u00bbetline-upload\u00bb el_width=\u00bb40%\u00bb color=\u00bb#543aaf\u00bb][\/vc_column][\/vc_row][vc_row vertical_align=\u00bbmiddle\u00bb padding_size=\u00bbno-padding\u00bb background_color=\u00bb#ffffff\u00bb][vc_column padding_size=\u00bbno-padding\u00bb css=\u00bb.vc_custom_1624314006796{padding-left: -10% !important;}\u00bb][vc_row_inner vertical_align=\u00bbmiddle\u00bb][vc_column_inner text_align=\u00bbcenter\u00bb width=\u00bb1\/4&#8243;][vc_single_image image=\u00bb1751&#8243;][\/vc_column_inner][vc_column_inner width=\u00bb3\/4&#8243;][vc_empty_space height=\u00bb90px\u00bb][vc_custom_heading text=\u00bbData Warehouse como un Servicio (DWaaS)\u00bb font_container=\u00bbtag:h2|font_size:50px|text_align:left|color:%23543aaf|line_height:1.2&#8243; google_fonts=\u00bbfont_family:Montserrat%3Aregular%2C700|font_style:700%20bold%20regular%3A700%3Anormal\u00bb text_transform=\u00bbnone\u00bb el_class=\u00bboverlap-left\u00bb animation=\u00bbfadeInRight\u00bb css=\u00bb.vc_custom_1624338023730{padding-left: 5% !important;}\u00bb][vc_empty_space][vc_column_text]Si necesitas un almacenamiento flexible y seguro para consolidar fuentes de datos dispares sin la implementaci\u00f3n de DWH y la carga de administraci\u00f3n, ofrecemos DWaaS con una tarifa de suscripci\u00f3n. Para alquilarle un almac\u00e9n de datos que se adapte a su infraestructura de an\u00e1lisis, llevamos a cabo:<\/p>\n<ul>\n<li>Configuraci\u00f3n y desarrollo de <em>Data Warehouse<\/em><\/li>\n<li>Integraci\u00f3n DWH<\/li>\n<li>Migraci\u00f3n y limpieza de datos<\/li>\n<li>Soporte y administraci\u00f3n continua<\/li>\n<li>Configuraciones DWH bajo demanda<\/li>\n<\/ul>\n<p>[\/vc_column_text][vc_empty_space height=\u00bb20px\u00bb][\/vc_column_inner][\/vc_row_inner][\/vc_column][\/vc_row][vc_row vertical_align=\u00bbmiddle\u00bb padding_size=\u00bbno-padding\u00bb background_color=\u00bb#ffffff\u00bb][vc_column padding_size=\u00bbno-padding\u00bb css=\u00bb.vc_custom_1624314006796{padding-left: -10% !important;}\u00bb][vc_row_inner vertical_align=\u00bbmiddle\u00bb][vc_column_inner text_align=\u00bbcenter\u00bb width=\u00bb1\/4&#8243;][vc_single_image image=\u00bb1754&#8243;][\/vc_column_inner][vc_column_inner width=\u00bb3\/4&#8243;][vc_empty_space height=\u00bb20px\u00bb][vc_custom_heading text=\u00bbMigraci\u00f3n Data Warehouse\u00bb font_container=\u00bbtag:h2|font_size:50px|text_align:left|color:%23543aaf|line_height:1.2&#8243; google_fonts=\u00bbfont_family:Montserrat%3Aregular%2C700|font_style:700%20bold%20regular%3A700%3Anormal\u00bb text_transform=\u00bbnone\u00bb el_class=\u00bboverlap-left\u00bb animation=\u00bbfadeInRight\u00bb css=\u00bb.vc_custom_1624338012610{padding-left: 5% !important;}\u00bb][vc_empty_space][vc_column_text]\u00bfConsideras la posibilidad de cambiar la plataforma de su almac\u00e9n de datos local a la nube? Cualquiera que sea la estrategia que se adapte a su caso: mover todos los datos o tener un almac\u00e9n de datos h\u00edbrido donde, por ejemplo, los datos confidenciales permanecen a las instalaciones y el resto de los datos se trasladar\u00e1n a la nube, podemos ayudarlo con:<\/p>\n<ul>\n<li>Dise\u00f1ar una estrategia y un plan de migraci\u00f3n<\/li>\n<li>Ayudar a seleccionar el proveedor de nube adecuado<\/li>\n<li>Configurar el <em>cluster<\/em> en la nube de forma que se optimicen los costos<\/li>\n<li>Reurbanizaci\u00f3n de un almac\u00e9n de datos en una nueva plataforma<\/li>\n<li>Transferencia de datos maestros y metadatos al nuevo almac\u00e9n de datos<\/li>\n<li>Probar la integridad de los datos para garantizar el \u00e9xito de la migraci\u00f3n<\/li>\n<\/ul>\n<p>[\/vc_column_text][vc_empty_space height=\u00bb40px\u00bb][\/vc_column_inner][\/vc_row_inner][\/vc_column][\/vc_row][vc_row vertical_align=\u00bbmiddle\u00bb padding_size=\u00bbno-padding\u00bb background_color=\u00bb#ffffff\u00bb][vc_column padding_size=\u00bbno-padding\u00bb css=\u00bb.vc_custom_1624314006796{padding-left: -10% !important;}\u00bb][vc_row_inner vertical_align=\u00bbmiddle\u00bb][vc_column_inner text_align=\u00bbcenter\u00bb width=\u00bb1\/4&#8243;][vc_single_image image=\u00bb1760&#8243;][\/vc_column_inner][vc_column_inner width=\u00bb3\/4&#8243;][vc_empty_space height=\u00bb20px\u00bb][vc_custom_heading text=\u00bbConsultor\u00eda Data Warehouse\u00bb font_container=\u00bbtag:h2|font_size:50px|text_align:left|color:%23543aaf|line_height:1.2&#8243; google_fonts=\u00bbfont_family:Montserrat%3Aregular%2C700|font_style:700%20bold%20regular%3A700%3Anormal\u00bb text_transform=\u00bbnone\u00bb el_class=\u00bboverlap-left\u00bb animation=\u00bbfadeInRight\u00bb css=\u00bb.vc_custom_1624338002251{padding-left: 5% !important;}\u00bb][vc_empty_space][vc_column_text]\u00bfConsidera construir un nuevo almac\u00e9n de datos desde cero, renovar o mejorar su soluci\u00f3n heredada, ya que no satisface sus necesidades?<\/p>\n<p>As\u00ed es como nuestros consultores pueden ayudar:<\/p>\n<ul>\n<li>Cree un nuevo dise\u00f1o de almac\u00e9n de datos. Aseg\u00farese de que el dise\u00f1o sea totalmente compatible con las necesidades de su negocio realizando entrevistas con las partes interesadas, analizando a fondo la infraestructura existente, las fuentes de datos disponibles y futuras, los tipos de datos que se almacenar\u00e1n y analizar\u00e1n (estructurados o no estructurados) y m\u00e1s<\/li>\n<li>Recomienda una de las alternativas: un almac\u00e9n de datos en la nube, local o h\u00edbrido<\/li>\n<li>Dise\u00f1ar estrategia de integraci\u00f3n de datos<\/li>\n<li>Asesorar sobre procedimientos de calidad de datos<\/li>\n<li>Recomendar la pila de tecnolog\u00eda \u00f3ptima<\/li>\n<\/ul>\n<p>[\/vc_column_text][vc_empty_space][\/vc_column_inner][\/vc_row_inner][\/vc_column][\/vc_row][vc_row vertical_align=\u00bbmiddle\u00bb padding_size=\u00bbno-padding\u00bb background_color=\u00bb#ffffff\u00bb][vc_column padding_size=\u00bbno-padding\u00bb css=\u00bb.vc_custom_1624314006796{padding-left: -10% !important;}\u00bb][vc_row_inner vertical_align=\u00bbmiddle\u00bb][vc_column_inner text_align=\u00bbcenter\u00bb width=\u00bb1\/4&#8243;][vc_single_image image=\u00bb1759&#8243;][\/vc_column_inner][vc_column_inner width=\u00bb3\/4&#8243;][vc_empty_space][vc_custom_heading text=\u00bbDesarrollo Data Warehouse\u00bb font_container=\u00bbtag:h2|font_size:50px|text_align:left|color:%23543aaf|line_height:1.2&#8243; google_fonts=\u00bbfont_family:Montserrat%3Aregular%2C700|font_style:700%20bold%20regular%3A700%3Anormal\u00bb text_transform=\u00bbnone\u00bb el_class=\u00bboverlap-left\u00bb animation=\u00bbfadeInRight\u00bb css=\u00bb.vc_custom_1624337990307{padding-left: 5% !important;}\u00bb][vc_empty_space][vc_column_text]Hacemos modelado de datos e implementamos un almac\u00e9n de datos o la soluci\u00f3n completa que consiste en un lago de datos, un almac\u00e9n de datos, procesos ETL (extraer, transformar, cargar) y cubos de procesamiento anal\u00edtico en l\u00ednea.<\/p>\n<p>Para cumplir con los requisitos del proyecto, los plazos y el presupuesto, aplicamos los modelos de ciclo de vida de desarrollo de software m\u00e1s relevantes como Iterativo, Incremental, Scrum, Programaci\u00f3n Extrema, Kanban, Cascada.[\/vc_column_text][vc_empty_space height=\u00bb40px\u00bb][\/vc_column_inner][\/vc_row_inner][\/vc_column][\/vc_row][vc_row vertical_align=\u00bbmiddle\u00bb padding_size=\u00bbno-padding\u00bb background_color=\u00bb#ffffff\u00bb][vc_column padding_size=\u00bbno-padding\u00bb css=\u00bb.vc_custom_1624314006796{padding-left: -10% !important;}\u00bb][vc_row_inner vertical_align=\u00bbmiddle\u00bb][vc_column_inner text_align=\u00bbcenter\u00bb width=\u00bb1\/4&#8243;][vc_single_image image=\u00bb1758&#8243;][\/vc_column_inner][vc_column_inner width=\u00bb3\/4&#8243;][vc_empty_space height=\u00bb40px\u00bb][vc_custom_heading text=\u00bbSoporte Data Warehouse\u00bb font_container=\u00bbtag:h2|font_size:50px|text_align:left|color:%23543aaf|line_height:1.2&#8243; google_fonts=\u00bbfont_family:Montserrat%3Aregular%2C700|font_style:700%20bold%20regular%3A700%3Anormal\u00bb text_transform=\u00bbnone\u00bb el_class=\u00bboverlap-left\u00bb animation=\u00bbfadeInRight\u00bb css=\u00bb.vc_custom_1624337981112{padding-left: 5% !important;}\u00bb][vc_empty_space][vc_column_text]Nuestras actividades de soporte tienen como objetivo garantizar que su almac\u00e9n de datos siga siendo la base para informaci\u00f3n valiosa (es decir, los procesos ETL se est\u00e1n ejecutando correctamente, la gesti\u00f3n de la calidad de los datos est\u00e1 en su lugar, se calculan nuevos KPI).<\/p>\n<p>Para eso, hacemos lo siguiente:<\/p>\n<ul>\n<li>Proporcione servicios de administraci\u00f3n de datos: cree reglas para garantizar que los datos est\u00e9n limpios y sean precisos, agregue nuevas fuentes de datos y cargue nuevos datos, ajuste los procesos ETL<\/li>\n<li>Supervise el rendimiento y la capacidad de su almac\u00e9n de datos: tiempos de ejecuci\u00f3n de consultas, la exactitud de las transformaciones de datos o una copia de seguridad de los datos<\/li>\n<li>Resuelva los problemas identificados<\/li>\n<\/ul>\n<p>[\/vc_column_text][vc_empty_space height=\u00bb50px\u00bb][\/vc_column_inner][\/vc_row_inner][\/vc_column][\/vc_row][vc_row padding_size=\u00bbm-padding\u00bb background_color=\u00bb#f4f4f4&#8243; content_width=\u00bb\u00bb][vc_column padding_size=\u00bbno-padding\u00bb][vc_row_inner vertical_align=\u00bbmiddle\u00bb][vc_column_inner text_align=\u00bbcenter\u00bb width=\u00bb1\/4&#8243;][wyde_icon_block icon_set=\u00bbfontawesome\u00bb icon_fontawesome=\u00bbfa fa-briefcase\u00bb size=\u00bblarge\u00bb hover=\u00bb6&#8243; animation=\u00bbzoomIn\u00bb css=\u00bb.vc_custom_1624337935550{background-color: #5ececf !important;}\u00bb bg_color=\u00bb#5ececf\u00bb][\/vc_column_inner][vc_column_inner width=\u00bb3\/4&#8243;][vc_empty_space height=\u00bb40px\u00bb][vc_custom_heading text=\u00bbNuestro Portafolio de Proyectos\u00bb font_container=\u00bbtag:h2|font_size:50px|text_align:left|color:%23543aaf|line_height:1.2&#8243; google_fonts=\u00bbfont_family:Montserrat%3Aregular%2C700|font_style:700%20bold%20regular%3A700%3Anormal\u00bb text_transform=\u00bbnone\u00bb el_class=\u00bboverlap-left\u00bb animation=\u00bbfadeInRight\u00bb css=\u00bb.vc_custom_1624337970073{padding-left: 5% !important;}\u00bb][vc_empty_space][vc_column_text]Ya hemos ayudado a empresas de los sectores sanitario, minorista, de telecomunicaciones, de fabricaci\u00f3n y de bienes ra\u00edces a crear almacenes de datos eficientes. No dudes en consultar nuestra cartera de proyectos multisectoriales:[\/vc_column_text][vc_empty_space height=\u00bb50px\u00bb][\/vc_column_inner][\/vc_row_inner][wyde_portfolio_grid columns=\u00bb2&#8243; count=\u00bb6&#8243; hide_filter=\u00bbtrue\u00bb pagination=\u00bb2&#8243; posts_query=\u00bborder_by:date|order:DESC\u00bb][vc_empty_space height=\u00bb50px\u00bb][\/vc_column][\/vc_row]<\/p>\n","protected":false},"excerpt":{"rendered":"<p>[vc_row row_style=\u00bbfull-width\u00bb vertical_align=\u00bbmiddle\u00bb padding_size=\u00bbl-padding\u00bb][vc_column][vc_custom_heading text=\u00bbServicios de Data Warehouse:\u00bb font_container=\u00bbtag:h2|font_size:50px|text_align:center|color:%23333333|line_height:1.2&#8243; google_fonts=\u00bbfont_family:Montserrat%3Aregular%2C700|font_style:700%20bold%20regular%3A700%3Anormal\u00bb text_transform=\u00bbnone\u00bb animation=\u00bbfadeInLeft\u00bb][vc_custom_heading text=\u00bbConsultor\u00eda y Desarrollo\u00bb font_container=\u00bbtag:h2|font_size:50px|text_align:center|color:%23333333|line_height:1.2&#8243; google_fonts=\u00bbfont_family:Montserrat%3Aregular%2C700|font_style:700%20bold%20regular%3A700%3Anormal\u00bb text_transform=\u00bbnone\u00bb css=\u00bb.vc_custom_1624311501740{margin-top: -15px !important;}\u00bb animation=\u00bbfadeInRight\u00bb][vc_empty_space height=\u00bb60px\u00bb][vc_single_image image=\u00bb1722&#8243; alignment=\u00bbcenter\u00bb][vc_empty_space height=\u00bb60px\u00bb][vc_custom_heading text=\u00bbLos servicios de almacenamiento de datos (DWH) ayudan a las empresas a implementar, mejorar o migrar su soluci\u00f3n DWH para consolidar fuentes de datos bajo un mismo techo y [&hellip;]<\/p>\n","protected":false},"author":1,"featured_media":0,"parent":0,"menu_order":0,"comment_status":"closed","ping_status":"closed","template":"","meta":{"_vp_format_video_url":"","_vp_image_focal_point":[]},"_links":{"self":[{"href":"https:\/\/iavitech.com\/index.php?rest_route=\/wp\/v2\/pages\/1668"}],"collection":[{"href":"https:\/\/iavitech.com\/index.php?rest_route=\/wp\/v2\/pages"}],"about":[{"href":"https:\/\/iavitech.com\/index.php?rest_route=\/wp\/v2\/types\/page"}],"author":[{"embeddable":true,"href":"https:\/\/iavitech.com\/index.php?rest_route=\/wp\/v2\/users\/1"}],"replies":[{"embeddable":true,"href":"https:\/\/iavitech.com\/index.php?rest_route=%2Fwp%2Fv2%2Fcomments&post=1668"}],"version-history":[{"count":51,"href":"https:\/\/iavitech.com\/index.php?rest_route=\/wp\/v2\/pages\/1668\/revisions"}],"predecessor-version":[{"id":2273,"href":"https:\/\/iavitech.com\/index.php?rest_route=\/wp\/v2\/pages\/1668\/revisions\/2273"}],"wp:attachment":[{"href":"https:\/\/iavitech.com\/index.php?rest_route=%2Fwp%2Fv2%2Fmedia&parent=1668"}],"curies":[{"name":"wp","href":"https:\/\/api.w.org\/{rel}","templated":true}]}}