{"id":1590,"date":"2021-06-14T01:38:01","date_gmt":"2021-06-14T01:38:01","guid":{"rendered":"https:\/\/iavitech.com\/?page_id=1590"},"modified":"2021-07-22T00:33:37","modified_gmt":"2021-07-22T00:33:37","slug":"big-data-y-analytics","status":"publish","type":"page","link":"https:\/\/iavitech.com\/?page_id=1590","title":{"rendered":"Servicios de Big Data y Analytics"},"content":{"rendered":"<p>[vc_row vertical_align=\u00bbmiddle\u00bb padding_size=\u00bbxl-padding\u00bb][vc_column width=\u00bb2\/3&#8243;][vc_custom_heading text=\u00bbRealizaremos la\u00bb font_container=\u00bbtag:h2|font_size:50px|text_align:left|color:%23333333|line_height:1.2&#8243; google_fonts=\u00bbfont_family:Montserrat%3Aregular%2C700|font_style:700%20bold%20regular%3A700%3Anormal\u00bb text_transform=\u00bbnone\u00bb animation=\u00bbfadeInLeft\u00bb][vc_custom_heading text=\u00bbestrategia indicada\u00bb font_container=\u00bbtag:h2|font_size:50px|text_align:left|color:%23333333|line_height:1.2&#8243; google_fonts=\u00bbfont_family:Montserrat%3Aregular%2C700|font_style:700%20bold%20regular%3A700%3Anormal\u00bb text_transform=\u00bbnone\u00bb css=\u00bb.vc_custom_1624054206747{margin-top: -15px !important;}\u00bb animation=\u00bbfadeInRight\u00bb][vc_row_inner css=\u00bb.vc_custom_1437649998773{margin-left: 5% !important;}\u00bb][vc_column_inner][vc_custom_heading text=\u00bbBIG DATA\u00bb font_container=\u00bbtag:p|font_size:20px|text_align:left|color:%230a0a0a|line_height:20px\u00bb google_fonts=\u00bbfont_family:Noto%20Sans%3Aregular%2Citalic%2C700%2C700italic|font_style:400%20regular%3A400%3Anormal\u00bb text_transform=\u00bbuppercase\u00bb letter_spacing=\u00bb3.5px\u00bb][vc_column_text]<\/p>\n<blockquote>\n<div>Mediante los datos de negocio podemos generar estudios de mercado con base a an\u00e1lisis de h\u00e1bitos de consumo y generar modelos predictivos.<\/div>\n<\/blockquote>\n<p>[\/vc_column_text][\/vc_column_inner][\/vc_row_inner][\/vc_column][vc_column padding_size=\u00bbno-padding\u00bb width=\u00bb1\/3&#8243;][vc_single_image image=\u00bb1641&#8243; img_size=\u00bblarge\u00bb alignment=\u00bbcenter\u00bb css=\u00bb.vc_custom_1624057600842{padding-right: 10% !important;padding-left: 10% !important;}\u00bb animation=\u00bbfadeIn\u00bb][\/vc_column][\/vc_row][vc_row padding_size=\u00bbm-padding\u00bb background_color=\u00bb#f4f4f4&#8243; content_width=\u00bb\u00bb][vc_column text_align=\u00bbcenter\u00bb padding_size=\u00bbno-padding\u00bb][vc_empty_space height=\u00bb70px\u00bb][vc_custom_heading text=\u00bbContamos con la infraestructura necesaria y experiencia de nuestros expertos en ciencia de datos, no solo para manejar millones de estos, sino entender como interpretar la informaci\u00f3n y generar modelos estad\u00edsticos para construir estrategias adecuadas para su negocio.\u00bb font_container=\u00bbtag:p|font_size:22px|text_align:center|color:%23727272|line_height:44px\u00bb google_fonts=\u00bbfont_family:Lato%3A100%2C100italic%2C300%2C300italic%2Cregular%2Citalic%2C700%2C700italic%2C900%2C900italic|font_style:300%20light%20regular%3A300%3Anormal\u00bb css=\u00bb.vc_custom_1624057651479{padding-right: 5% !important;padding-left: 5% !important;}\u00bb][vc_empty_space height=\u00bb20px\u00bb][\/vc_column][\/vc_row][vc_row row_style=\u00bbfull-width\u00bb vertical_align=\u00bbmiddle\u00bb padding_size=\u00bbno-padding\u00bb background_color=\u00bb#ffffff\u00bb][vc_column padding_size=\u00bbno-padding\u00bb width=\u00bb1\/2&#8243; css=\u00bb.vc_custom_1484340794399{padding-left: -10% !important;}\u00bb][vc_row_inner][vc_column_inner width=\u00bb1\/4&#8243;][\/vc_column_inner][vc_column_inner width=\u00bb3\/4&#8243;][vc_empty_space height=\u00bb90px\u00bb][vc_custom_heading text=\u00bbBUSINESS INTELLIGENCE<br \/>\nY ANAL\u00cdTICA\u00bb font_container=\u00bbtag:h2|font_size:50px|text_align:left|color:%23543aaf|line_height:1.2&#8243; google_fonts=\u00bbfont_family:Montserrat%3Aregular%2C700|font_style:700%20bold%20regular%3A700%3Anormal\u00bb text_transform=\u00bbnone\u00bb el_class=\u00bboverlap-left\u00bb animation=\u00bbfadeInLeft\u00bb css=\u00bb.vc_custom_1624057689584{padding-left: 5% !important;}\u00bb][vc_custom_heading text=\u00bbConstruimos DASHBOARDS personalizados<br \/>\npara la monitorizaci\u00f3n en tiempo real de sus datos\u00bb font_container=\u00bbtag:p|font_size:20px|text_align:left|color:%230a0a0a|line_height:27px\u00bb google_fonts=\u00bbfont_family:Noto%20Sans%3Aregular%2Citalic%2C700%2C700italic|font_style:400%20regular%3A400%3Anormal\u00bb letter_spacing=\u00bb3.5px\u00bb css=\u00bb.vc_custom_1624055164495{padding-left: 5% !important;}\u00bb][vc_empty_space height=\u00bb90px\u00bb][\/vc_column_inner][\/vc_row_inner][\/vc_column][vc_column text_align=\u00bbcenter\u00bb padding_size=\u00bbno-padding\u00bb width=\u00bb1\/2&#8243; el_class=\u00bboverlap-top\u00bb css=\u00bb.vc_custom_1484340641212{padding-bottom: -50px !important;}\u00bb][vc_single_image image=\u00bb1662&#8243; animation=\u00bbfadeInUp\u00bb el_class=\u00bboverlap-top\u00bb css=\u00bb.vc_custom_1624057376781{padding-right: 5% !important;padding-left: 5% !important;}\u00bb][vc_empty_space height=\u00bb50px\u00bb][\/vc_column][\/vc_row][vc_row padding_size=\u00bbm-padding\u00bb background_color=\u00bb#5ececf\u00bb content_width=\u00bb\u00bb][vc_column text_align=\u00bbcenter\u00bb padding_size=\u00bbno-padding\u00bb][vc_empty_space height=\u00bb40px\u00bb][vc_custom_heading text=\u00bbAdem\u00e1s, a trav\u00e9s de estudios como \u201cAn\u00e1lisis de Sentimientos\u201d podemos conocer la reacci\u00f3n del consumidor en Redes Sociales a un nuevo producto, promoci\u00f3n o simplemente a un tema en espec\u00edfico.\u00bb font_container=\u00bbtag:p|font_size:22px|text_align:center|color:%23ffffff|line_height:44px\u00bb google_fonts=\u00bbfont_family:Lato%3A100%2C100italic%2C300%2C300italic%2Cregular%2Citalic%2C700%2C700italic%2C900%2C900italic|font_style:300%20light%20regular%3A300%3Anormal\u00bb css=\u00bb.vc_custom_1624057924448{padding-right: 5% !important;padding-left: 5% !important;}\u00bb][vc_empty_space height=\u00bb40px\u00bb][\/vc_column][\/vc_row][vc_row padding_size=\u00bbm-padding\u00bb background_color=\u00bbrgba(94,206,207,0.46)\u00bb css=\u00bb.vc_custom_1624060932819{padding-top: 0px !important;}\u00bb][vc_column text_align=\u00bbcenter\u00bb][vc_single_image image=\u00bb1672&#8243; alignment=\u00bbcenter\u00bb css=\u00bb.vc_custom_1624059158902{margin-top: -80px !important;}\u00bb animation=\u00bbfadeInUp\u00bb][\/vc_column][\/vc_row][vc_row padding_size=\u00bbl-padding\u00bb bg_image_url=\u00bbhttps:\/\/iavitech.com\/wp-content\/uploads\/2021\/06\/fondo_morado_gradiente-150&#215;150.jpg\u00bb background_image=\u00bb1675&#8243;][vc_column][vc_row_inner text_style=\u00bblight\u00bb][vc_column_inner text_align=\u00bbcenter\u00bb padding_size=\u00bbno-padding\u00bb width=\u00bb1\/2&#8243; css=\u00bb.vc_custom_1624060290322{border: 10% initial !important;}\u00bb][vc_single_image image=\u00bb1684&#8243; alignment=\u00bbcenter\u00bb css=\u00bb.vc_custom_1624060539547{border-top-width: 100px !important;border-right-width: 100px !important;border-bottom-width: 100px !important;border-left-width: 100px !important;}\u00bb][\/vc_column_inner][vc_column_inner width=\u00bb1\/2&#8243; css=\u00bb.vc_custom_1624060848421{padding-right: -10% !important;}\u00bb][vc_empty_space][vc_custom_heading text=\u00bb\u00bfTe interesa comenzar un Proyecto DWH?\u00bb font_container=\u00bbtag:p|font_size:48px|text_align:left|color:%23ffffff|line_height:60px\u00bb google_fonts=\u00bbfont_family:Montserrat%3Aregular%2C700|font_style:400%20regular%3A400%3Anormal\u00bb css=\u00bb.vc_custom_1624060825956{padding-right: -5% !important;}\u00bb][vc_empty_space height=\u00bb15px\u00bb][wyde_icon_block icon_set=\u00bbetline\u00bb icon_etline=\u00bbetline-linegraph\u00bb size=\u00bblarge\u00bb style=\u00bbnone\u00bb color=\u00bb#5ececf\u00bb][vc_empty_space][vc_custom_heading text=\u00bbNuestros Servicios de DATA WAREHOUSE te ayudar\u00e1n a dise\u00f1ar la soluci\u00f3n apropiada para tu proyecto\u00bb font_container=\u00bbtag:p|font_size:16px|text_align:left|color:%23d7d7d7|line_height:2&#8243; google_fonts=\u00bbfont_family:Lato%3A100%2C100italic%2C300%2C300italic%2Cregular%2Citalic%2C700%2C700italic%2C900%2C900italic|font_style:400%20regular%3A400%3Anormal\u00bb][vc_empty_space][wyde_link_button title=\u00bbConoce m\u00e1s\u00bb style=\u00bbround\u00bb size=\u00bblarge\u00bb color=\u00bb#5ececf\u00bb animation=\u00bbbounceIn\u00bb link=\u00bburl:https%3A%2F%2Fiavitech.com%2F%3Fpage_id%3D1668|title:SERVICIOS%20DE%20DATAWAREHOUSE\u00bb][vc_empty_space][\/vc_column_inner][\/vc_row_inner][\/vc_column][\/vc_row]<\/p>\n","protected":false},"excerpt":{"rendered":"<p>[vc_row vertical_align=\u00bbmiddle\u00bb padding_size=\u00bbxl-padding\u00bb][vc_column width=\u00bb2\/3&#8243;][vc_custom_heading text=\u00bbRealizaremos la\u00bb font_container=\u00bbtag:h2|font_size:50px|text_align:left|color:%23333333|line_height:1.2&#8243; google_fonts=\u00bbfont_family:Montserrat%3Aregular%2C700|font_style:700%20bold%20regular%3A700%3Anormal\u00bb text_transform=\u00bbnone\u00bb animation=\u00bbfadeInLeft\u00bb][vc_custom_heading text=\u00bbestrategia indicada\u00bb font_container=\u00bbtag:h2|font_size:50px|text_align:left|color:%23333333|line_height:1.2&#8243; google_fonts=\u00bbfont_family:Montserrat%3Aregular%2C700|font_style:700%20bold%20regular%3A700%3Anormal\u00bb text_transform=\u00bbnone\u00bb css=\u00bb.vc_custom_1624054206747{margin-top: -15px !important;}\u00bb animation=\u00bbfadeInRight\u00bb][vc_row_inner css=\u00bb.vc_custom_1437649998773{margin-left: 5% !important;}\u00bb][vc_column_inner][vc_custom_heading text=\u00bbBIG DATA\u00bb font_container=\u00bbtag:p|font_size:20px|text_align:left|color:%230a0a0a|line_height:20px\u00bb google_fonts=\u00bbfont_family:Noto%20Sans%3Aregular%2Citalic%2C700%2C700italic|font_style:400%20regular%3A400%3Anormal\u00bb text_transform=\u00bbuppercase\u00bb letter_spacing=\u00bb3.5px\u00bb][vc_column_text] Mediante los datos de negocio podemos generar estudios de mercado con base a an\u00e1lisis de h\u00e1bitos de consumo y generar modelos predictivos. [\/vc_column_text][\/vc_column_inner][\/vc_row_inner][\/vc_column][vc_column padding_size=\u00bbno-padding\u00bb width=\u00bb1\/3&#8243;][vc_single_image image=\u00bb1641&#8243; img_size=\u00bblarge\u00bb [&hellip;]<\/p>\n","protected":false},"author":1,"featured_media":0,"parent":0,"menu_order":0,"comment_status":"closed","ping_status":"closed","template":"","meta":{"_vp_format_video_url":"","_vp_image_focal_point":[]},"_links":{"self":[{"href":"https:\/\/iavitech.com\/index.php?rest_route=\/wp\/v2\/pages\/1590"}],"collection":[{"href":"https:\/\/iavitech.com\/index.php?rest_route=\/wp\/v2\/pages"}],"about":[{"href":"https:\/\/iavitech.com\/index.php?rest_route=\/wp\/v2\/types\/page"}],"author":[{"embeddable":true,"href":"https:\/\/iavitech.com\/index.php?rest_route=\/wp\/v2\/users\/1"}],"replies":[{"embeddable":true,"href":"https:\/\/iavitech.com\/index.php?rest_route=%2Fwp%2Fv2%2Fcomments&post=1590"}],"version-history":[{"count":72,"href":"https:\/\/iavitech.com\/index.php?rest_route=\/wp\/v2\/pages\/1590\/revisions"}],"predecessor-version":[{"id":2243,"href":"https:\/\/iavitech.com\/index.php?rest_route=\/wp\/v2\/pages\/1590\/revisions\/2243"}],"wp:attachment":[{"href":"https:\/\/iavitech.com\/index.php?rest_route=%2Fwp%2Fv2%2Fmedia&parent=1590"}],"curies":[{"name":"wp","href":"https:\/\/api.w.org\/{rel}","templated":true}]}}