{"id":1586,"date":"2021-06-14T01:29:56","date_gmt":"2021-06-14T01:29:56","guid":{"rendered":"https:\/\/iavitech.com\/?page_id=1586"},"modified":"2021-10-16T05:05:37","modified_gmt":"2021-10-16T05:05:37","slug":"cloud-vps","status":"publish","type":"page","link":"https:\/\/iavitech.com\/?page_id=1586","title":{"rendered":"CLOUD VPS"},"content":{"rendered":"<p>[vc_row row_style=\u00bbfull-width\u00bb vertical_align=\u00bbmiddle\u00bb padding_size=\u00bbl-padding\u00bb background_color=\u00bb#ffffff\u00bb][vc_column][vc_empty_space][vc_custom_heading text=\u00bbVirtual Private Servers (VPS)\u00bb font_container=\u00bbtag:h2|font_size:50px|text_align:center|color:%23333333|line_height:1.2&#8243; google_fonts=\u00bbfont_family:Montserrat%3Aregular%2C700|font_style:700%20bold%20regular%3A700%3Anormal\u00bb text_transform=\u00bbnone\u00bb css=\u00bb.vc_custom_1624469655251{padding-right: 10% !important;padding-left: 10% !important;}\u00bb animation=\u00bbfadeIn\u00bb][wyde_separator label_style=\u00bbicon\u00bb icon_set=\u00bbtypicons\u00bb icon_typicons=\u00bbtypcn typcn-arrow-sorted-down\u00bb el_width=\u00bb30%\u00bb align=\u00bbcenter\u00bb color=\u00bb#543aaf\u00bb][\/vc_column][\/vc_row][vc_row vertical_align=\u00bbmiddle\u00bb padding_size=\u00bbs-padding\u00bb][vc_column width=\u00bb1\/2&#8243;][vc_custom_heading text=\u00bbCon nuestros VPS sobre tecnolog\u00eda KVM te daremos los recursos garantizados de RAM y CPU para asegurar el m\u00e1ximo desempe\u00f1o de tu sitio y aplicaciones. Contamos don distintos planes y opciones adecuados a tu presupuesto.\u00bb google_fonts=\u00bbfont_family:ABeeZee%3Aregular%2Citalic|font_style:400%20regular%3A400%3Anormal\u00bb text_transform=\u00bbnone\u00bb][\/vc_column][vc_column width=\u00bb1\/2&#8243;][vc_single_image image=\u00bb1973&#8243; alignment=\u00bbright\u00bb animation=\u00bblightSpeedIn\u00bb][\/vc_column][\/vc_row][vc_row vertical_align=\u00bbmiddle\u00bb][vc_column text_align=\u00bbcenter\u00bb][vc_row_inner vertical_align=\u00bbmiddle\u00bb background_color=\u00bb#543aaf\u00bb css=\u00bb.vc_custom_1624470013512{margin-right: 10% !important;margin-left: 10% !important;border-radius: 20px !important;}\u00bb][vc_column_inner text_align=\u00bbcenter\u00bb padding_size=\u00bbl-padding\u00bb][vc_custom_heading text=\u00bbDeja todo en nuestras manos, administramos tus servidores VPS con la confianza y el soporte profesional que necesitas y a un costo de acuerdo a tus necesidades.\u00bb font_container=\u00bbtag:h4|text_align:center|color:%23ffffff\u00bb google_fonts=\u00bbfont_family:ABeeZee%3Aregular%2Citalic|font_style:400%20regular%3A400%3Anormal\u00bb text_transform=\u00bbnone\u00bb css=\u00bb.vc_custom_1624470090225{padding-right: 10% !important;padding-left: 10% !important;}\u00bb][\/vc_column_inner][\/vc_row_inner][\/vc_column][\/vc_row][vc_row vertical_align=\u00bbmiddle\u00bb padding_size=\u00bbno-padding\u00bb background_color=\u00bb#f4f4f4&#8243;][vc_column text_align=\u00bbcenter\u00bb padding_size=\u00bbno-padding\u00bb][vc_row_inner vertical_align=\u00bbmiddle\u00bb][vc_column_inner text_align=\u00bbcenter\u00bb width=\u00bb1\/2&#8243;][vc_empty_space height=\u00bb40px\u00bb][vc_single_image image=\u00bb1813&#8243; alignment=\u00bbcenter\u00bb animation=\u00bbbounceIn\u00bb][vc_empty_space height=\u00bb40px\u00bb][vc_custom_heading text=\u00bbHigh-Performance VPS\u00bb font_container=\u00bbtag:h2|font_size:30px|text_align:center|color:%23333333|line_height:1.2&#8243; google_fonts=\u00bbfont_family:Montserrat%3Aregular%2C700|font_style:700%20bold%20regular%3A700%3Anormal\u00bb text_transform=\u00bbnone\u00bb animation=\u00bbfadeInDown\u00bb][vc_custom_heading text=\u00bbDiscos SSD de alta velocidad\u00bb font_container=\u00bbtag:p|font_size:20px|text_align:center|color:%230a0a0a|line_height:18px\u00bb google_fonts=\u00bbfont_family:Noto%20Sans%3Aregular%2Citalic%2C700%2C700italic|font_style:400%20regular%3A400%3Anormal\u00bb letter_spacing=\u00bb3.5px\u00bb][vc_custom_heading text=\u00bbdesde $450.00 (Pr\u00f3ximamente)\u00bb font_container=\u00bbtag:p|font_size:17px|text_align:center|color:%23424242|line_height:27px\u00bb google_fonts=\u00bbfont_family:Noto%20Sans%3Aregular%2Citalic%2C700%2C700italic|font_style:400%20regular%3A400%3Anormal\u00bb][wyde_button title=\u00bbConoce m\u00e1s\u00bb bg_color=\u00bb#543aaf\u00bb animation=\u00bbswing\u00bb css=\u00bb.vc_custom_1624426647700{background-color: #543aaf !important;}\u00bb color=\u00bb#ffffff\u00bb link=\u00bburl:https%3A%2F%2Fiavitech.com%2F%3Fpage_id%3D1826|title:HIGH-PERFORMANCE%20VPS\u00bb][vc_empty_space height=\u00bb40px\u00bb][\/vc_column_inner][vc_column_inner text_align=\u00bbcenter\u00bb width=\u00bb1\/2&#8243;][vc_empty_space height=\u00bb40px\u00bb][vc_single_image image=\u00bb1812&#8243; alignment=\u00bbcenter\u00bb animation=\u00bbbounceIn\u00bb][vc_empty_space height=\u00bb40px\u00bb][vc_custom_heading text=\u00bbStorage VPS\u00bb font_container=\u00bbtag:h2|font_size:30px|text_align:center|color:%23333333|line_height:1.2&#8243; google_fonts=\u00bbfont_family:Montserrat%3Aregular%2C700|font_style:700%20bold%20regular%3A700%3Anormal\u00bb text_transform=\u00bbnone\u00bb animation=\u00bbfadeInDown\u00bb][vc_custom_heading text=\u00bbHHD de gran almacenamiento\u00bb font_container=\u00bbtag:p|font_size:20px|text_align:center|color:%230a0a0a|line_height:27px\u00bb google_fonts=\u00bbfont_family:Noto%20Sans%3Aregular%2Citalic%2C700%2C700italic|font_style:400%20regular%3A400%3Anormal\u00bb letter_spacing=\u00bb3.5px\u00bb][vc_custom_heading text=\u00bbdesde $450.00 (Pr\u00f3ximamente)\u00bb font_container=\u00bbtag:p|font_size:17px|text_align:center|color:%23424242|line_height:27px\u00bb google_fonts=\u00bbfont_family:Noto%20Sans%3Aregular%2Citalic%2C700%2C700italic|font_style:400%20regular%3A400%3Anormal\u00bb][wyde_button title=\u00bbConoce m\u00e1s\u00bb bg_color=\u00bb#543aaf\u00bb animation=\u00bbswing\u00bb css=\u00bb.vc_custom_1624571377215{background-color: #543aaf !important;}\u00bb color=\u00bb#ffffff\u00bb link=\u00bburl:https%3A%2F%2Fiavitech.com%2F%3Fpage_id%3D1939|title:STORAGE%20VPS\u00bb][vc_empty_space height=\u00bb40px\u00bb][\/vc_column_inner][\/vc_row_inner][\/vc_column][\/vc_row]<\/p>\n","protected":false},"excerpt":{"rendered":"<p>[vc_row row_style=\u00bbfull-width\u00bb vertical_align=\u00bbmiddle\u00bb padding_size=\u00bbl-padding\u00bb background_color=\u00bb#ffffff\u00bb][vc_column][vc_empty_space][vc_custom_heading text=\u00bbVirtual Private Servers (VPS)\u00bb font_container=\u00bbtag:h2|font_size:50px|text_align:center|color:%23333333|line_height:1.2&#8243; google_fonts=\u00bbfont_family:Montserrat%3Aregular%2C700|font_style:700%20bold%20regular%3A700%3Anormal\u00bb text_transform=\u00bbnone\u00bb css=\u00bb.vc_custom_1624469655251{padding-right: 10% !important;padding-left: 10% !important;}\u00bb animation=\u00bbfadeIn\u00bb][wyde_separator label_style=\u00bbicon\u00bb icon_set=\u00bbtypicons\u00bb icon_typicons=\u00bbtypcn typcn-arrow-sorted-down\u00bb el_width=\u00bb30%\u00bb align=\u00bbcenter\u00bb color=\u00bb#543aaf\u00bb][\/vc_column][\/vc_row][vc_row vertical_align=\u00bbmiddle\u00bb padding_size=\u00bbs-padding\u00bb][vc_column width=\u00bb1\/2&#8243;][vc_custom_heading text=\u00bbCon nuestros VPS sobre tecnolog\u00eda KVM te daremos los recursos garantizados de RAM y CPU para asegurar el m\u00e1ximo desempe\u00f1o de tu sitio y aplicaciones. Contamos don [&hellip;]<\/p>\n","protected":false},"author":1,"featured_media":0,"parent":0,"menu_order":0,"comment_status":"closed","ping_status":"closed","template":"","meta":{"_vp_format_video_url":"","_vp_image_focal_point":[]},"_links":{"self":[{"href":"https:\/\/iavitech.com\/index.php?rest_route=\/wp\/v2\/pages\/1586"}],"collection":[{"href":"https:\/\/iavitech.com\/index.php?rest_route=\/wp\/v2\/pages"}],"about":[{"href":"https:\/\/iavitech.com\/index.php?rest_route=\/wp\/v2\/types\/page"}],"author":[{"embeddable":true,"href":"https:\/\/iavitech.com\/index.php?rest_route=\/wp\/v2\/users\/1"}],"replies":[{"embeddable":true,"href":"https:\/\/iavitech.com\/index.php?rest_route=%2Fwp%2Fv2%2Fcomments&post=1586"}],"version-history":[{"count":52,"href":"https:\/\/iavitech.com\/index.php?rest_route=\/wp\/v2\/pages\/1586\/revisions"}],"predecessor-version":[{"id":2298,"href":"https:\/\/iavitech.com\/index.php?rest_route=\/wp\/v2\/pages\/1586\/revisions\/2298"}],"wp:attachment":[{"href":"https:\/\/iavitech.com\/index.php?rest_route=%2Fwp%2Fv2%2Fmedia&parent=1586"}],"curies":[{"name":"wp","href":"https:\/\/api.w.org\/{rel}","templated":true}]}}