{"id":1563,"date":"2021-06-13T19:49:32","date_gmt":"2021-06-13T19:49:32","guid":{"rendered":"https:\/\/iavitech.com\/?page_id=1563"},"modified":"2021-07-29T01:49:19","modified_gmt":"2021-07-29T01:49:19","slug":"diseno-digital","status":"publish","type":"page","link":"https:\/\/iavitech.com\/?page_id=1563","title":{"rendered":"Dise\u00f1o Digital"},"content":{"rendered":"<p>[vc_row vertical_align=\u00bbmiddle\u00bb background_color=\u00bb#f4f4f4&#8243;][vc_column text_align=\u00bbcenter\u00bb width_sm=\u00bb1\/2&#8243;][vc_custom_heading text=\u00bbCreamos su sitio web con dise\u00f1os elegantes e inteligentes, de acuerdo a las necesidades de su empresa.\u00bb font_container=\u00bbtag:p|font_size:30px|text_align:center|line_height:36px\u00bb google_fonts=\u00bbfont_family:Lato%3A100%2C100italic%2C300%2C300italic%2Cregular%2Citalic%2C700%2C700italic%2C900%2C900italic|font_style:300%20light%20regular%3A300%3Anormal\u00bb css=\u00bb.vc_custom_1626922619058{padding-right: 5% !important;padding-left: 5% !important;}\u00bb][\/vc_column][\/vc_row][vc_row row_style=\u00bbfull-width\u00bb text_style=\u00bblight\u00bb padding_size=\u00bbxl-padding\u00bb background_color=\u00bb#5ececf\u00bb bg_image_url=\u00bbhttps:\/\/iavitech.com\/wp-content\/uploads\/2021\/06\/back_design_2_ok-150&#215;150.jpg\u00bb background_image=\u00bb2167&#8243;][vc_column padding_size=\u00bbl-padding\u00bb width=\u00bb5\/6&#8243; css=\u00bb.vc_custom_1436063873259{padding-top: 0px !important;padding-bottom: 0px !important;}\u00bb][vc_custom_heading text=\u00bbHaz que luzca incre\u00edble\u00bb font_container=\u00bbtag:h6|font_size:4.5vw|text_align:left|color:%23ffffff\u00bb google_fonts=\u00bbfont_family:Dancing%20Script%3Aregular%2Cbold|font_style:700%20bold%3A700%3Anormal\u00bb animation=\u00bbbounceIn\u00bb][vc_empty_space][vc_row_inner][vc_column_inner width=\u00bb1\/2&#8243;][wyde_info_box title=\u00bbADAPTABLE\u00bb icon_set=\u00bbetline\u00bb icon_etline=\u00bbetline-tools\u00bb icon_size=\u00bbmedium\u00bb icon_position=\u00bbleft\u00bb color=\u00bb#543aaf\u00bb animation=\u00bbbounceInLeft\u00bb]<span style=\"color: #ffffff;\">Adem\u00e1s de nuestros planes, ofrecemos dise\u00f1os especiales e integraciones con plataformas y sistemas centralizados, todo a la medida de tus necesidades.<\/span>[\/wyde_info_box][vc_empty_space][wyde_info_box title=\u00bbRESPONSIVE Y CMS\u00bb icon_set=\u00bbetline\u00bb icon_etline=\u00bbetline-mobile\u00bb icon_size=\u00bbmedium\u00bb icon_position=\u00bbleft\u00bb color=\u00bb#543aaf\u00bb animation=\u00bbbounceInLeft\u00bb]<span style=\"color: #ffffff;\">Todos nuestros planes se desarrollan utilizando CMS autoadministrables, lo que permite a cada propietario, gestionar su informaci\u00f3n de manera sencilla y \u00e1gil.<\/span>[\/wyde_info_box][vc_empty_space][wyde_info_box title=\u00bbA LA MEDIDA\u00bb icon_set=\u00bbetline\u00bb icon_etline=\u00bbetline-hotairballoon\u00bb icon_size=\u00bbmedium\u00bb icon_position=\u00bbleft\u00bb color=\u00bb#543aaf\u00bb animation=\u00bbbounceInLeft\u00bb]<span style=\"color: #ffffff;\">En caso de requerir alg\u00fan dise\u00f1o especial o funcionalidades espec\u00edficas, com\u00e9ntanos y te prepararemos un presupuesto acorde a tu bolsilo.<\/span>[\/wyde_info_box][\/vc_column_inner][vc_column_inner width=\u00bb1\/2&#8243;]<br \/>\n[\/vc_column_inner][\/vc_row_inner][\/vc_column][vc_column width=\u00bb1\/6&#8243;][vc_column_text]<br \/>\n[\/vc_column_text][\/vc_column][\/vc_row][vc_row row_style=\u00bbfull-width\u00bb vertical_align=\u00bbmiddle\u00bb padding_size=\u00bbl-padding\u00bb bg_image_url=\u00bbhttps:\/\/iavitech.com\/wp-content\/uploads\/2021\/06\/back_design_ok-150&#215;150.jpg\u00bb background_style=\u00bbcover\u00bb background_image=\u00bb2161&#8243;][vc_column][vc_empty_space][vc_row_inner vertical_align=\u00bbmiddle\u00bb][vc_column_inner width=\u00bb1\/2&#8243; css=\u00bb.vc_custom_1624586496702{padding-right: 10% !important;padding-left: 10% !important;}\u00bb][vc_custom_heading text=\u00bbEn iAVITECH estamos conscientes de la importancia del Dise\u00f1o WEB, para lograr que un negocio ofrezca una grata experiencia a todos a sus usuarios y cumpla sus objetivos.<br \/>\nAplicamos tecnolog\u00eda responsive design a cada p\u00e1gina web que dise\u00f1amos y lo hacemos acorde a la imagen de su negocio y a las necesidades del mismo.\u00bb font_container=\u00bbtag:p|font_size:24px|text_align:left|color:%23666666|line_height:38px\u00bb google_fonts=\u00bbfont_family:Lato%3A100%2C100italic%2C300%2C300italic%2Cregular%2Citalic%2C700%2C700italic%2C900%2C900italic|font_style:300%20light%20regular%3A300%3Anormal\u00bb animation=\u00bbbounceIn\u00bb][\/vc_column_inner][vc_column_inner width=\u00bb1\/2&#8243;][vc_single_image image=\u00bb2152&#8243; alignment=\u00bbcenter\u00bb animation=\u00bbfadeInRight\u00bb][\/vc_column_inner][\/vc_row_inner][vc_empty_space][\/vc_column][\/vc_row][vc_row padding_size=\u00bbm-padding\u00bb background_color=\u00bb#f4f4f4&#8243; content_width=\u00bb\u00bb][vc_column padding_size=\u00bbno-padding\u00bb][vc_row_inner vertical_align=\u00bbmiddle\u00bb][vc_column_inner text_align=\u00bbcenter\u00bb width=\u00bb1\/4&#8243;][wyde_icon_block icon_set=\u00bbfontawesome\u00bb icon_fontawesome=\u00bbfa fa-briefcase\u00bb size=\u00bblarge\u00bb hover=\u00bb6&#8243; animation=\u00bbzoomIn\u00bb css=\u00bb.vc_custom_1624337935550{background-color: #5ececf !important;}\u00bb bg_color=\u00bb#5ececf\u00bb][\/vc_column_inner][vc_column_inner width=\u00bb3\/4&#8243;][vc_empty_space height=\u00bb40px\u00bb][vc_custom_heading text=\u00bbNuestro Portafolio de Proyectos\u00bb font_container=\u00bbtag:h2|font_size:50px|text_align:left|color:%23543aaf|line_height:1.2&#8243; google_fonts=\u00bbfont_family:Montserrat%3Aregular%2C700|font_style:700%20bold%20regular%3A700%3Anormal\u00bb text_transform=\u00bbnone\u00bb el_class=\u00bboverlap-left\u00bb animation=\u00bbfadeInRight\u00bb css=\u00bb.vc_custom_1624337970073{padding-left: 5% !important;}\u00bb][vc_empty_space][vc_column_text]Ya hemos ayudado a empresas de los sectores sanitario, bancario, minorista, de telecomunicaciones, de marketing, de fabricaci\u00f3n y de bienes ra\u00edces a crear almacenes de datos eficientes y sus sitios web. No dudes en consultar nuestra cartera de proyectos multisectoriales:[\/vc_column_text][vc_empty_space height=\u00bb50px\u00bb][\/vc_column_inner][\/vc_row_inner][wyde_portfolio_grid columns=\u00bb2&#8243; count=\u00bb6&#8243; hide_filter=\u00bbtrue\u00bb pagination=\u00bb2&#8243; posts_query=\u00bborder_by:date|order:DESC\u00bb][vc_empty_space height=\u00bb50px\u00bb][\/vc_column][\/vc_row]<\/p>\n","protected":false},"excerpt":{"rendered":"<p>[vc_row vertical_align=\u00bbmiddle\u00bb background_color=\u00bb#f4f4f4&#8243;][vc_column text_align=\u00bbcenter\u00bb width_sm=\u00bb1\/2&#8243;][vc_custom_heading text=\u00bbCreamos su sitio web con dise\u00f1os elegantes e inteligentes, de acuerdo a las necesidades de su empresa.\u00bb font_container=\u00bbtag:p|font_size:30px|text_align:center|line_height:36px\u00bb google_fonts=\u00bbfont_family:Lato%3A100%2C100italic%2C300%2C300italic%2Cregular%2Citalic%2C700%2C700italic%2C900%2C900italic|font_style:300%20light%20regular%3A300%3Anormal\u00bb css=\u00bb.vc_custom_1626922619058{padding-right: 5% !important;padding-left: 5% !important;}\u00bb][\/vc_column][\/vc_row][vc_row row_style=\u00bbfull-width\u00bb text_style=\u00bblight\u00bb padding_size=\u00bbxl-padding\u00bb background_color=\u00bb#5ececf\u00bb bg_image_url=\u00bbhttps:\/\/iavitech.com\/wp-content\/uploads\/2021\/06\/back_design_2_ok-150&#215;150.jpg\u00bb background_image=\u00bb2167&#8243;][vc_column padding_size=\u00bbl-padding\u00bb width=\u00bb5\/6&#8243; css=\u00bb.vc_custom_1436063873259{padding-top: 0px !important;padding-bottom: 0px !important;}\u00bb][vc_custom_heading text=\u00bbHaz que luzca incre\u00edble\u00bb font_container=\u00bbtag:h6|font_size:4.5vw|text_align:left|color:%23ffffff\u00bb google_fonts=\u00bbfont_family:Dancing%20Script%3Aregular%2Cbold|font_style:700%20bold%3A700%3Anormal\u00bb animation=\u00bbbounceIn\u00bb][vc_empty_space][vc_row_inner][vc_column_inner width=\u00bb1\/2&#8243;][wyde_info_box title=\u00bbADAPTABLE\u00bb icon_set=\u00bbetline\u00bb icon_etline=\u00bbetline-tools\u00bb icon_size=\u00bbmedium\u00bb icon_position=\u00bbleft\u00bb [&hellip;]<\/p>\n","protected":false},"author":1,"featured_media":0,"parent":0,"menu_order":0,"comment_status":"closed","ping_status":"closed","template":"","meta":{"_vp_format_video_url":"","_vp_image_focal_point":[]},"_links":{"self":[{"href":"https:\/\/iavitech.com\/index.php?rest_route=\/wp\/v2\/pages\/1563"}],"collection":[{"href":"https:\/\/iavitech.com\/index.php?rest_route=\/wp\/v2\/pages"}],"about":[{"href":"https:\/\/iavitech.com\/index.php?rest_route=\/wp\/v2\/types\/page"}],"author":[{"embeddable":true,"href":"https:\/\/iavitech.com\/index.php?rest_route=\/wp\/v2\/users\/1"}],"replies":[{"embeddable":true,"href":"https:\/\/iavitech.com\/index.php?rest_route=%2Fwp%2Fv2%2Fcomments&post=1563"}],"version-history":[{"count":25,"href":"https:\/\/iavitech.com\/index.php?rest_route=\/wp\/v2\/pages\/1563\/revisions"}],"predecessor-version":[{"id":2295,"href":"https:\/\/iavitech.com\/index.php?rest_route=\/wp\/v2\/pages\/1563\/revisions\/2295"}],"wp:attachment":[{"href":"https:\/\/iavitech.com\/index.php?rest_route=%2Fwp%2Fv2%2Fmedia&parent=1563"}],"curies":[{"name":"wp","href":"https:\/\/api.w.org\/{rel}","templated":true}]}}