{"id":145,"date":"2015-07-03T14:40:41","date_gmt":"2015-07-03T14:40:41","guid":{"rendered":"http:\/\/wydethemes.com\/flora6\/?page_id=145"},"modified":"2021-11-20T02:55:55","modified_gmt":"2021-11-20T02:55:55","slug":"about-us","status":"publish","type":"page","link":"https:\/\/iavitech.com\/?page_id=145","title":{"rendered":"Nosotros"},"content":{"rendered":"<p>[vc_row content_width=\u00bb\u00bb][vc_column text_align=\u00bbcenter\u00bb][vc_custom_heading text=\u00bbAcerca de\u00bb font_container=\u00bbtag:h1|font_size:6vw|text_align:center|color:%230b1028&#8243; google_fonts=\u00bbfont_family:Dancing%20Script%3Aregular%2Cbold|font_style:700%20bold%3A700%3Anormal\u00bb text_transform=\u00bbnone\u00bb css=\u00bb.vc_custom_1624922658494{margin-left: -130px !important;}\u00bb animation=\u00bbfadeInLeft\u00bb][vc_custom_heading text=\u00bbiAVITECH\u00bb font_container=\u00bbtag:h1|font_size:5.5vw|text_align:center|color:%235ececf|line_height:0&#8243; google_fonts=\u00bbfont_family:Arvo%3Aregular%2Citalic%2C700%2C700italic|font_style:700%20bold%20regular%3A700%3Anormal\u00bb css=\u00bb.vc_custom_1624922629872{margin-top: 5px !important;margin-left: 13% !important;}\u00bb animation=\u00bbfadeInRight\u00bb][vc_empty_space height=\u00bb70px\u00bb][\/vc_column][\/vc_row][vc_row row_style=\u00bbfull-width\u00bb text_style=\u00bblight\u00bb vertical_align=\u00bbmiddle\u00bb padding_size=\u00bbno-padding\u00bb background_color=\u00bb#0b1028&#8243;][vc_column text_align=\u00bbcenter\u00bb padding_size=\u00bbl-padding\u00bb width=\u00bb1\/2&#8243; css=\u00bb.vc_custom_1436071676504{padding-top: 20px !important;padding-bottom: 20px !important;}\u00bb][vc_custom_heading text=\u00bb\u00bfQUIENES SOMOS?\u00bb font_container=\u00bbtag:h2|text_align:center|color:%23ffffff\u00bb google_fonts=\u00bbfont_family:Montserrat%3Aregular%2C700|font_style:700%20bold%20regular%3A700%3Anormal\u00bb animation=\u00bbfadeIn\u00bb][wyde_icon_block icon=\u00bbflora-icon-line\u00bb size=\u00bblarge\u00bb style=\u00bbnone\u00bb color=\u00bb#543aaf\u00bb animation=\u00bbfadeIn\u00bb][vc_empty_space][vc_custom_heading text=\u00bbSomos un empresa especializada en servicios de Tecnolog\u00edas de Informaci\u00f3n con m\u00e1s de 6 a\u00f1os de experiencia en el mercado y clientes de diversos sectores.\u00bb font_container=\u00bbtag:h6|text_align:center\u00bb google_fonts=\u00bbfont_family:ABeeZee%3Aregular%2Citalic|font_style:400%20italic%3A400%3Aitalic\u00bb animation=\u00bbfadeIn\u00bb][vc_empty_space height=\u00bb20px\u00bb][vc_column_text animation=\u00bbfadeIn\u00bb]iAVITECH Solutions cuenta con un amplio portafolio de servicios y un equipo de profesionales siempre a la vanguardia.[\/vc_column_text][\/vc_column][vc_column padding_size=\u00bbno-padding\u00bb width=\u00bb1\/2&#8243;][vc_single_image image=\u00bb2068&#8243; img_size=\u00bbfull-width\u00bb][\/vc_column][\/vc_row][vc_row row_style=\u00bbfull-width\u00bb text_style=\u00bblight\u00bb vertical_align=\u00bbmiddle\u00bb padding_size=\u00bbno-padding\u00bb background_color=\u00bb#0b1028&#8243;][vc_column text_align=\u00bbcenter\u00bb padding_size=\u00bbno-padding\u00bb width=\u00bb1\/2&#8243;][vc_single_image image=\u00bb2073&#8243; alignment=\u00bbcenter\u00bb][\/vc_column][vc_column text_align=\u00bbcenter\u00bb padding_size=\u00bbl-padding\u00bb width=\u00bb1\/2&#8243; css=\u00bb.vc_custom_1436071798607{padding-top: 20px !important;padding-bottom: 20px !important;}\u00bb][vc_custom_heading text=\u00bbMISI\u00d3N\u00bb font_container=\u00bbtag:h2|text_align:center|color:%23ffffff\u00bb google_fonts=\u00bbfont_family:Montserrat%3Aregular%2C700|font_style:700%20bold%20regular%3A700%3Anormal\u00bb text_transform=\u00bbcapitalize\u00bb][vc_empty_space height=\u00bb10px\u00bb][wyde_icon_block icon=\u00bbflora-icon-line\u00bb size=\u00bblarge\u00bb style=\u00bbnone\u00bb color=\u00bb#543aaf\u00bb][vc_empty_space][vc_column_text]Ser una empresa comprometida profesional y \u00e9ticamente en busca de soluciones \u00f3ptimas de calidad, con la m\u00e1s alta tecnolog\u00eda para satisfacer en tiempo y forma las necesidades de nuestros clientes.[\/vc_column_text][\/vc_column][\/vc_row][vc_row row_style=\u00bbfull-width\u00bb vertical_align=\u00bbmiddle\u00bb padding_size=\u00bbno-padding\u00bb background_color=\u00bb#0b1028&#8243;][vc_column text_style=\u00bblight\u00bb text_align=\u00bbcenter\u00bb padding_size=\u00bbl-padding\u00bb width=\u00bb1\/2&#8243; css=\u00bb.vc_custom_1624558749484{padding-top: 20px !important;padding-bottom: 20px !important;}\u00bb][vc_custom_heading text=\u00bbVISI\u00d3N\u00bb font_container=\u00bbtag:h2|text_align:center\u00bb google_fonts=\u00bbfont_family:Montserrat%3Aregular%2C700|font_style:700%20bold%20regular%3A700%3Anormal\u00bb text_transform=\u00bbcapitalize\u00bb][vc_empty_space height=\u00bb10px\u00bb][wyde_icon_block icon=\u00bbflora-icon-line\u00bb size=\u00bblarge\u00bb style=\u00bbnone\u00bb color=\u00bb#543aaf\u00bb][vc_empty_space][vc_column_text]<\/p>\n<p>Ser una firma internacional p\u00fablica, basada en un modelo operativo flexible, altamente rentable y seguro, que facilite la expansi\u00f3n permanente.[\/vc_column_text][\/vc_column][vc_column text_align=\u00bbcenter\u00bb padding_size=\u00bbno-padding\u00bb width=\u00bb1\/2&#8243;][vc_single_image image=\u00bb2079&#8243; alignment=\u00bbcenter\u00bb][\/vc_column][\/vc_row][vc_row bg_image_url=\u00bbhttps:\/\/iavitech.com\/wp-content\/uploads\/2015\/07\/flora-pic-47-150&#215;150.jpg\u00bb parallax=\u00bbreverse\u00bb background_overlay=\u00bbcolor\u00bb overlay_color=\u00bb#242424&#8243; overlay_opacity=\u00bb0.8&#8243; background_image=\u00bb893&#8243;][vc_column][vc_empty_space height=\u00bb15px\u00bb][vc_custom_heading text=\u00bbNuestro lema\u00bb font_container=\u00bbtag:h6|font_size:6vw|text_align:center|color:%23ffffff\u00bb google_fonts=\u00bbfont_family:Dancing%20Script%3Aregular%2Cbold|font_style:700%20bold%3A700%3Anormal\u00bb css=\u00bb.vc_custom_1626921855752{margin-left: -130px !important;}\u00bb animation=\u00bbfadeInDown\u00bb][vc_custom_heading text=\u00bben tiempo y forma\u00bb font_container=\u00bbtag:h6|font_size:5.5vw|text_align:center|color:%235ececf|line_height:0&#8243; google_fonts=\u00bbfont_family:Arvo%3Aregular%2Citalic%2C700%2C700italic|font_style:700%20bold%20regular%3A700%3Anormal\u00bb css=\u00bb.vc_custom_1626922036608{margin-top: 5px !important;margin-left: 13% !important;}\u00bb animation=\u00bbfadeInRight\u00bb][vc_empty_space height=\u00bb100px\u00bb][\/vc_column][\/vc_row][vc_row vertical_align=\u00bbmiddle\u00bb background_color=\u00bb#ffffff\u00bb bg_image_url=\u00bbhttps:\/\/iavitech.com\/wp-content\/uploads\/2021\/06\/back_tech-150&#215;150.jpg\u00bb css=\u00bb.vc_custom_1624566916737{padding-top: 0px !important;}\u00bb background_image=\u00bb2081&#8243;][vc_column text_align=\u00bbcenter\u00bb width=\u00bb1\/2&#8243;][vc_empty_space height=\u00bb80px\u00bb][vc_single_image image=\u00bb2091&#8243; alignment=\u00bbcenter\u00bb animation=\u00bbfadeInUp\u00bb][\/vc_column][vc_column text_style=\u00bblight\u00bb width=\u00bb1\/2&#8243;][vc_empty_space][vc_custom_heading text=\u00bbDesde equipos de trabajo totalmente gestionados hasta desarrolladores de software especializados, contamos con una plantilla altamente competitiva y nuestro compromiso y lema es siempre entregar en tiempo y forma. Nos destacamos por nuestras capacidades superiores para aprovechar el mundo de las tecnolog\u00edas digitales para impulsar tu negocio<br \/>\nhacia el futuro.\u00bb font_container=\u00bbtag:p|font_size:24px|text_align:left|color:%23ffffff|line_height:36px\u00bb google_fonts=\u00bbfont_family:Lato%3A100%2C100italic%2C300%2C300italic%2Cregular%2Citalic%2C700%2C700italic%2C900%2C900italic|font_style:300%20light%20regular%3A300%3Anormal\u00bb css=\u00bb.vc_custom_1626922129594{padding-right: 10% !important;padding-left: 10% !important;}\u00bb][\/vc_column][\/vc_row]<\/p>\n","protected":false},"excerpt":{"rendered":"<p>[vc_row content_width=\u00bb\u00bb][vc_column text_align=\u00bbcenter\u00bb][vc_custom_heading text=\u00bbAcerca de\u00bb font_container=\u00bbtag:h1|font_size:6vw|text_align:center|color:%230b1028&#8243; google_fonts=\u00bbfont_family:Dancing%20Script%3Aregular%2Cbold|font_style:700%20bold%3A700%3Anormal\u00bb text_transform=\u00bbnone\u00bb css=\u00bb.vc_custom_1624922658494{margin-left: -130px !important;}\u00bb animation=\u00bbfadeInLeft\u00bb][vc_custom_heading text=\u00bbiAVITECH\u00bb font_container=\u00bbtag:h1|font_size:5.5vw|text_align:center|color:%235ececf|line_height:0&#8243; google_fonts=\u00bbfont_family:Arvo%3Aregular%2Citalic%2C700%2C700italic|font_style:700%20bold%20regular%3A700%3Anormal\u00bb css=\u00bb.vc_custom_1624922629872{margin-top: 5px !important;margin-left: 13% !important;}\u00bb animation=\u00bbfadeInRight\u00bb][vc_empty_space height=\u00bb70px\u00bb][\/vc_column][\/vc_row][vc_row row_style=\u00bbfull-width\u00bb text_style=\u00bblight\u00bb vertical_align=\u00bbmiddle\u00bb padding_size=\u00bbno-padding\u00bb background_color=\u00bb#0b1028&#8243;][vc_column text_align=\u00bbcenter\u00bb padding_size=\u00bbl-padding\u00bb width=\u00bb1\/2&#8243; css=\u00bb.vc_custom_1436071676504{padding-top: 20px !important;padding-bottom: 20px !important;}\u00bb][vc_custom_heading text=\u00bb\u00bfQUIENES SOMOS?\u00bb font_container=\u00bbtag:h2|text_align:center|color:%23ffffff\u00bb google_fonts=\u00bbfont_family:Montserrat%3Aregular%2C700|font_style:700%20bold%20regular%3A700%3Anormal\u00bb animation=\u00bbfadeIn\u00bb][wyde_icon_block icon=\u00bbflora-icon-line\u00bb size=\u00bblarge\u00bb style=\u00bbnone\u00bb color=\u00bb#543aaf\u00bb animation=\u00bbfadeIn\u00bb][vc_empty_space][vc_custom_heading text=\u00bbSomos un empresa especializada en servicios de Tecnolog\u00edas de Informaci\u00f3n [&hellip;]<\/p>\n","protected":false},"author":1,"featured_media":0,"parent":0,"menu_order":0,"comment_status":"closed","ping_status":"closed","template":"","meta":{"_vp_format_video_url":"","_vp_image_focal_point":[]},"_links":{"self":[{"href":"https:\/\/iavitech.com\/index.php?rest_route=\/wp\/v2\/pages\/145"}],"collection":[{"href":"https:\/\/iavitech.com\/index.php?rest_route=\/wp\/v2\/pages"}],"about":[{"href":"https:\/\/iavitech.com\/index.php?rest_route=\/wp\/v2\/types\/page"}],"author":[{"embeddable":true,"href":"https:\/\/iavitech.com\/index.php?rest_route=\/wp\/v2\/users\/1"}],"replies":[{"embeddable":true,"href":"https:\/\/iavitech.com\/index.php?rest_route=%2Fwp%2Fv2%2Fcomments&post=145"}],"version-history":[{"count":29,"href":"https:\/\/iavitech.com\/index.php?rest_route=\/wp\/v2\/pages\/145\/revisions"}],"predecessor-version":[{"id":2305,"href":"https:\/\/iavitech.com\/index.php?rest_route=\/wp\/v2\/pages\/145\/revisions\/2305"}],"wp:attachment":[{"href":"https:\/\/iavitech.com\/index.php?rest_route=%2Fwp%2Fv2%2Fmedia&parent=145"}],"curies":[{"name":"wp","href":"https:\/\/api.w.org\/{rel}","templated":true}]}}