{"id":1405,"date":"2021-06-12T15:15:17","date_gmt":"2021-06-12T15:15:17","guid":{"rendered":"https:\/\/iavitech.com\/?page_id=1405"},"modified":"2021-10-16T05:35:30","modified_gmt":"2021-10-16T05:35:30","slug":"fabrica-de-software-y-desarrollos-a-la-medida","status":"publish","type":"page","link":"https:\/\/iavitech.com\/?page_id=1405","title":{"rendered":"F\u00e1brica y Desarrollos a la medida"},"content":{"rendered":"<p>[vc_row background_color=\u00bb#f4f4f4&#8243;][vc_column text_align=\u00bbcenter\u00bb][vc_custom_heading text=\u00bbNos especializamos en el desarrollo de sistemas a la medida.<br \/>\nDesde sitios de E Commerce, Aplicaciones M\u00f3viles a Sistemas Integrales m\u00e1s complejos para instituciones p\u00fablicas y privadas as\u00ed como financieras\u00bb font_container=\u00bbtag:p|font_size:30px|text_align:center|line_height:36px\u00bb google_fonts=\u00bbfont_family:Lato%3A100%2C100italic%2C300%2C300italic%2Cregular%2Citalic%2C700%2C700italic%2C900%2C900italic|font_style:300%20light%20regular%3A300%3Anormal\u00bb css=\u00bb.vc_custom_1623518960780{padding-right: 5% !important;padding-left: 5% !important;}\u00bb][\/vc_column][\/vc_row][vc_row row_style=\u00bbfull-width\u00bb padding_size=\u00bbm-padding\u00bb][vc_column text_align=\u00bbcenter\u00bb padding_size=\u00bbno-padding\u00bb width=\u00bb1\/2&#8243;][vc_single_image image=\u00bb1432&#8243; alignment=\u00bbcenter\u00bb css=\u00bb.vc_custom_1623519847177{margin-top: -70px !important;}\u00bb animation=\u00bbfadeInUp\u00bb][\/vc_column][vc_column padding_size=\u00bbno-padding\u00bb width=\u00bb1\/2&#8243;][vc_custom_heading text=\u00bbTrabajamos con las tecnolog\u00edas m\u00e1s demandadas dentro del mercado actual tanto de Software Propietario como Open Source. Contamos con especialistas para Front-End y Back-End en Java, .NET, Angular, React, entre otras&#8230;\u00bb font_container=\u00bbtag:p|font_size:24px|text_align:left|line_height:36px\u00bb google_fonts=\u00bbfont_family:Lato%3A100%2C100italic%2C300%2C300italic%2Cregular%2Citalic%2C700%2C700italic%2C900%2C900italic|font_style:300%20light%20regular%3A300%3Anormal\u00bb css=\u00bb.vc_custom_1623521335692{padding-top: 15% !important;padding-right: 15% !important;padding-left: 10% !important;}\u00bb][\/vc_column][\/vc_row][vc_row padding_size=\u00bbs-padding\u00bb][vc_column width=\u00bb1\/2&#8243;][vc_row_inner][vc_column_inner width=\u00bb1\/2&#8243;][vc_single_image image=\u00bb1447&#8243; alignment=\u00bbcenter\u00bb][\/vc_column_inner][vc_column_inner width=\u00bb1\/2&#8243;][vc_single_image image=\u00bb1444&#8243; alignment=\u00bbcenter\u00bb][\/vc_column_inner][\/vc_row_inner][\/vc_column][vc_column width=\u00bb1\/2&#8243;][vc_row_inner][vc_column_inner width=\u00bb1\/2&#8243;][vc_single_image image=\u00bb1446&#8243; alignment=\u00bbcenter\u00bb][\/vc_column_inner][vc_column_inner width=\u00bb1\/2&#8243;][vc_single_image image=\u00bb1458&#8243; alignment=\u00bbcenter\u00bb][\/vc_column_inner][\/vc_row_inner][\/vc_column][\/vc_row][vc_row padding_size=\u00bbs-padding\u00bb][vc_column width=\u00bb1\/2&#8243;][vc_row_inner][vc_column_inner width=\u00bb1\/2&#8243;][vc_single_image image=\u00bb1460&#8243; alignment=\u00bbcenter\u00bb][\/vc_column_inner][vc_column_inner width=\u00bb1\/2&#8243;][vc_single_image image=\u00bb1454&#8243; alignment=\u00bbcenter\u00bb][\/vc_column_inner][\/vc_row_inner][\/vc_column][vc_column width=\u00bb1\/2&#8243;][vc_row_inner][vc_column_inner width=\u00bb1\/2&#8243;][vc_single_image image=\u00bb1452&#8243; alignment=\u00bbcenter\u00bb][\/vc_column_inner][vc_column_inner width=\u00bb1\/2&#8243;][vc_single_image image=\u00bb1456&#8243; alignment=\u00bbcenter\u00bb][\/vc_column_inner][\/vc_row_inner][\/vc_column][\/vc_row][vc_row padding_size=\u00bbs-padding\u00bb][vc_column width=\u00bb1\/2&#8243;][vc_row_inner][vc_column_inner width=\u00bb1\/2&#8243;][vc_single_image image=\u00bb1457&#8243; alignment=\u00bbcenter\u00bb][\/vc_column_inner][vc_column_inner width=\u00bb1\/2&#8243;][vc_single_image image=\u00bb1464&#8243; alignment=\u00bbcenter\u00bb][\/vc_column_inner][\/vc_row_inner][\/vc_column][vc_column width=\u00bb1\/2&#8243;][vc_row_inner][vc_column_inner width=\u00bb1\/2&#8243;][vc_single_image image=\u00bb1459&#8243; alignment=\u00bbcenter\u00bb][\/vc_column_inner][vc_column_inner width=\u00bb1\/2&#8243;][vc_single_image image=\u00bb1448&#8243; alignment=\u00bbcenter\u00bb][\/vc_column_inner][\/vc_row_inner][\/vc_column][\/vc_row][vc_row padding_size=\u00bbs-padding\u00bb][vc_column width=\u00bb1\/2&#8243;][vc_row_inner][vc_column_inner width=\u00bb1\/2&#8243;][vc_single_image image=\u00bb1443&#8243; alignment=\u00bbcenter\u00bb][\/vc_column_inner][vc_column_inner width=\u00bb1\/2&#8243;][vc_single_image image=\u00bb1442&#8243; alignment=\u00bbcenter\u00bb][\/vc_column_inner][\/vc_row_inner][\/vc_column][vc_column width=\u00bb1\/2&#8243;][vc_row_inner][vc_column_inner width=\u00bb1\/2&#8243;][vc_single_image image=\u00bb1445&#8243; alignment=\u00bbcenter\u00bb][\/vc_column_inner][vc_column_inner width=\u00bb1\/2&#8243;][vc_single_image image=\u00bb1462&#8243; alignment=\u00bbcenter\u00bb][\/vc_column_inner][\/vc_row_inner][\/vc_column][\/vc_row][vc_row padding_size=\u00bbs-padding\u00bb][vc_column width=\u00bb1\/2&#8243;][vc_row_inner][vc_column_inner width=\u00bb1\/2&#8243;][\/vc_column_inner][vc_column_inner width=\u00bb1\/2&#8243;][vc_single_image image=\u00bb1453&#8243; alignment=\u00bbcenter\u00bb][\/vc_column_inner][\/vc_row_inner][\/vc_column][vc_column width=\u00bb1\/2&#8243;][vc_row_inner][vc_column_inner width=\u00bb1\/2&#8243;][vc_single_image image=\u00bb1461&#8243; alignment=\u00bbcenter\u00bb][\/vc_column_inner][vc_column_inner width=\u00bb1\/2&#8243;][\/vc_column_inner][\/vc_row_inner][\/vc_column][\/vc_row][vc_row background_color=\u00bb#ffffff\u00bb][vc_column text_align=\u00bbcenter\u00bb][vc_custom_heading text=\u00bbContamos con servicio de desarrollo de ingenier\u00eda para integraci\u00f3n de diversas soluciones tecnol\u00f3gicas\u00bb font_container=\u00bbtag:p|font_size:30px|text_align:center|line_height:36px\u00bb google_fonts=\u00bbfont_family:Lato%3A100%2C100italic%2C300%2C300italic%2Cregular%2Citalic%2C700%2C700italic%2C900%2C900italic|font_style:300%20light%20regular%3A300%3Anormal\u00bb css=\u00bb.vc_custom_1623525765291{padding-right: 10% !important;padding-left: 10% !important;}\u00bb][wyde_separator label_style=\u00bbicon\u00bb icon_set=\u00bbtypicons\u00bb icon_typicons=\u00bbtypcn typcn-arrow-sorted-down\u00bb el_width=\u00bb20%\u00bb color=\u00bb#543aaf\u00bb css=\u00bb.vc_custom_1623526060833{padding-top: -5% !important;}\u00bb][\/vc_column][\/vc_row]<\/p>\n","protected":false},"excerpt":{"rendered":"<p>[vc_row background_color=\u00bb#f4f4f4&#8243;][vc_column text_align=\u00bbcenter\u00bb][vc_custom_heading text=\u00bbNos especializamos en el desarrollo de sistemas a la medida. Desde sitios de E Commerce, Aplicaciones M\u00f3viles a Sistemas Integrales m\u00e1s complejos para instituciones p\u00fablicas y privadas as\u00ed como financieras\u00bb font_container=\u00bbtag:p|font_size:30px|text_align:center|line_height:36px\u00bb google_fonts=\u00bbfont_family:Lato%3A100%2C100italic%2C300%2C300italic%2Cregular%2Citalic%2C700%2C700italic%2C900%2C900italic|font_style:300%20light%20regular%3A300%3Anormal\u00bb css=\u00bb.vc_custom_1623518960780{padding-right: 5% !important;padding-left: 5% !important;}\u00bb][\/vc_column][\/vc_row][vc_row row_style=\u00bbfull-width\u00bb padding_size=\u00bbm-padding\u00bb][vc_column text_align=\u00bbcenter\u00bb padding_size=\u00bbno-padding\u00bb width=\u00bb1\/2&#8243;][vc_single_image image=\u00bb1432&#8243; alignment=\u00bbcenter\u00bb css=\u00bb.vc_custom_1623519847177{margin-top: -70px !important;}\u00bb animation=\u00bbfadeInUp\u00bb][\/vc_column][vc_column padding_size=\u00bbno-padding\u00bb width=\u00bb1\/2&#8243;][vc_custom_heading text=\u00bbTrabajamos con [&hellip;]<\/p>\n","protected":false},"author":1,"featured_media":0,"parent":0,"menu_order":0,"comment_status":"closed","ping_status":"closed","template":"","meta":{"_vp_format_video_url":"","_vp_image_focal_point":[]},"_links":{"self":[{"href":"https:\/\/iavitech.com\/index.php?rest_route=\/wp\/v2\/pages\/1405"}],"collection":[{"href":"https:\/\/iavitech.com\/index.php?rest_route=\/wp\/v2\/pages"}],"about":[{"href":"https:\/\/iavitech.com\/index.php?rest_route=\/wp\/v2\/types\/page"}],"author":[{"embeddable":true,"href":"https:\/\/iavitech.com\/index.php?rest_route=\/wp\/v2\/users\/1"}],"replies":[{"embeddable":true,"href":"https:\/\/iavitech.com\/index.php?rest_route=%2Fwp%2Fv2%2Fcomments&post=1405"}],"version-history":[{"count":32,"href":"https:\/\/iavitech.com\/index.php?rest_route=\/wp\/v2\/pages\/1405\/revisions"}],"predecessor-version":[{"id":2236,"href":"https:\/\/iavitech.com\/index.php?rest_route=\/wp\/v2\/pages\/1405\/revisions\/2236"}],"wp:attachment":[{"href":"https:\/\/iavitech.com\/index.php?rest_route=%2Fwp%2Fv2%2Fmedia&parent=1405"}],"curies":[{"name":"wp","href":"https:\/\/api.w.org\/{rel}","templated":true}]}}